{"id":21493,"date":"2026-01-29T11:56:07","date_gmt":"2026-01-29T10:56:07","guid":{"rendered":"https:\/\/componentesusados.org\/producto\/nintendo-ds-2a-versio\/"},"modified":"2026-01-29T11:56:07","modified_gmt":"2026-01-29T10:56:07","slug":"nintendo-ds-2a-versio","status":"publish","type":"product","link":"https:\/\/componentesusados.org\/ca\/producto\/nintendo-ds-2a-versio\/","title":{"rendered":"Nintendo DS 2a versi\u00f3"},"content":{"rendered":"<p>La Nintendo DS Lite, llan\u00e7ada el 2006, \u00e9s la segona versi\u00f3 d&#8217;aquesta consola, de setena generaci\u00f3, amb un redisseny que consistia en una carcassa m\u00e9s prima i lleugera, i pantalles amb m\u00e9s brillantor. La seva producci\u00f3 va finalitzar el 2013. <\/p>\n<p>Amb m\u00e9s de 93 unitats venudes, era retrocompatible amb Game Boy Advance i, per descomptat, amb les primeres DS i la Nintendo Wii. Va canviar lleugerament la posici\u00f3 dels botons per fer-la m\u00e9s petita, amb un llapis m\u00e9s gran i una major durada de la bateria. <\/p>\n<p>&nbsp;<\/p>\n<p>Nintendo DS<br \/>\nNintendo DSi<br \/>\nNintendo 3DS<br \/>\nNintendo DSi XL<\/p>\n","protected":false},"excerpt":{"rendered":"<ul>\n<li><strong>Caracter\u00edstiques:<\/strong>\n<ul>\n<li>Pantalla dual m\u00e9s gran i brillant.<\/li>\n<li>Mida m\u00e9s gran, amb menys pes i major durada de la bateria.<\/li>\n<li>Diferents colors i un munt d&#8217;accessoris<\/li>\n<\/ul>\n<\/li>\n<\/ul>\n","protected":false},"featured_media":20456,"comment_status":"open","ping_status":"closed","template":"","meta":{"_acf_changed":false},"product_brand":[],"product_cat":[456],"product_tag":[610,400,379],"class_list":{"0":"post-21493","1":"product","2":"type-product","3":"status-publish","4":"has-post-thumbnail","6":"product_cat-consoles-de-setena-generacio","7":"product_tag-ds","8":"product_tag-nintendo","9":"product_tag-portatil","11":"first","12":"instock","13":"shipping-taxable","14":"product-type-simple"},"acf":[],"_links":{"self":[{"href":"https:\/\/componentesusados.org\/ca\/wp-json\/wp\/v2\/product\/21493","targetHints":{"allow":["GET"]}}],"collection":[{"href":"https:\/\/componentesusados.org\/ca\/wp-json\/wp\/v2\/product"}],"about":[{"href":"https:\/\/componentesusados.org\/ca\/wp-json\/wp\/v2\/types\/product"}],"replies":[{"embeddable":true,"href":"https:\/\/componentesusados.org\/ca\/wp-json\/wp\/v2\/comments?post=21493"}],"wp:featuredmedia":[{"embeddable":true,"href":"https:\/\/componentesusados.org\/ca\/wp-json\/wp\/v2\/media\/20456"}],"wp:attachment":[{"href":"https:\/\/componentesusados.org\/ca\/wp-json\/wp\/v2\/media?parent=21493"}],"wp:term":[{"taxonomy":"product_brand","embeddable":true,"href":"https:\/\/componentesusados.org\/ca\/wp-json\/wp\/v2\/product_brand?post=21493"},{"taxonomy":"product_cat","embeddable":true,"href":"https:\/\/componentesusados.org\/ca\/wp-json\/wp\/v2\/product_cat?post=21493"},{"taxonomy":"product_tag","embeddable":true,"href":"https:\/\/componentesusados.org\/ca\/wp-json\/wp\/v2\/product_tag?post=21493"}],"curies":[{"name":"wp","href":"https:\/\/api.w.org\/{rel}","templated":true}]}}