{"id":21482,"date":"2026-01-29T11:56:07","date_gmt":"2026-01-29T10:56:07","guid":{"rendered":"https:\/\/componentesusados.org\/producto\/starcraft-ii-wings-of-liberty-edicio-colleccionista\/"},"modified":"2026-01-29T11:56:07","modified_gmt":"2026-01-29T10:56:07","slug":"starcraft-ii-wings-of-liberty-edicio-colleccionista","status":"publish","type":"product","link":"https:\/\/componentesusados.org\/ca\/producto\/starcraft-ii-wings-of-liberty-edicio-colleccionista\/","title":{"rendered":"Starcraft II Wings of Liberty &#8211; Edici\u00f3 col\u00b7leccionista"},"content":{"rendered":"<p>Llan\u00e7at el 2010, va continuar l&#8217;\u00e8pica saga d&#8217;estrat\u00e8gia en temps real de Blizzard Entertainment. La hist\u00f2ria segueix el comandant Jim Raynor en la seva lluita contra el domini de la tir\u00e0nica Confederaci\u00f3 Terran. Amb gr\u00e0fics impressionants, una campanya envoltant i un multijugador competitiu, el joc va captivar milions de jugadors arreu del m\u00f3n.  <\/p>\n","protected":false},"excerpt":{"rendered":"<ul>\n<li><strong>Caracter\u00edstiques:<\/strong>\n<ul>\n<li>Tres races jugables<\/li>\n<li>Campanya expansiva<\/li>\n<li>Multijugador competitiu<\/li>\n<\/ul>\n<\/li>\n<\/ul>\n","protected":false},"featured_media":20464,"comment_status":"closed","ping_status":"closed","template":"","meta":{"_acf_changed":false},"product_brand":[],"product_cat":[437],"product_tag":[570,571,572],"class_list":{"0":"post-21482","1":"product","2":"type-product","3":"status-publish","4":"has-post-thumbnail","6":"product_cat-videojocs","7":"product_tag-blizzard","8":"product_tag-pc","9":"product_tag-starcraft","11":"first","12":"instock","13":"shipping-taxable","14":"product-type-simple"},"acf":[],"_links":{"self":[{"href":"https:\/\/componentesusados.org\/ca\/wp-json\/wp\/v2\/product\/21482","targetHints":{"allow":["GET"]}}],"collection":[{"href":"https:\/\/componentesusados.org\/ca\/wp-json\/wp\/v2\/product"}],"about":[{"href":"https:\/\/componentesusados.org\/ca\/wp-json\/wp\/v2\/types\/product"}],"replies":[{"embeddable":true,"href":"https:\/\/componentesusados.org\/ca\/wp-json\/wp\/v2\/comments?post=21482"}],"wp:featuredmedia":[{"embeddable":true,"href":"https:\/\/componentesusados.org\/ca\/wp-json\/wp\/v2\/media\/20464"}],"wp:attachment":[{"href":"https:\/\/componentesusados.org\/ca\/wp-json\/wp\/v2\/media?parent=21482"}],"wp:term":[{"taxonomy":"product_brand","embeddable":true,"href":"https:\/\/componentesusados.org\/ca\/wp-json\/wp\/v2\/product_brand?post=21482"},{"taxonomy":"product_cat","embeddable":true,"href":"https:\/\/componentesusados.org\/ca\/wp-json\/wp\/v2\/product_cat?post=21482"},{"taxonomy":"product_tag","embeddable":true,"href":"https:\/\/componentesusados.org\/ca\/wp-json\/wp\/v2\/product_tag?post=21482"}],"curies":[{"name":"wp","href":"https:\/\/api.w.org\/{rel}","templated":true}]}}