{"id":21471,"date":"2026-01-29T11:56:07","date_gmt":"2026-01-29T10:56:07","guid":{"rendered":"https:\/\/componentesusados.org\/producto\/telefon-mobil-nokia-6600\/"},"modified":"2026-01-29T11:56:07","modified_gmt":"2026-01-29T10:56:07","slug":"telefon-mobil-nokia-6600","status":"publish","type":"product","link":"https:\/\/componentesusados.org\/ca\/producto\/telefon-mobil-nokia-6600\/","title":{"rendered":"Tel\u00e8fon m\u00f2bil Nokia 6600"},"content":{"rendered":"<p>El Nokia 6600 \u00e9s un tel\u00e8fon m\u00f2bil llan\u00e7at el 2003 per l&#8217;empresa finlandesa Nokia. En el seu moment, va ser el producte m\u00e9s avan\u00e7at creat per Nokia.1\u200b \u00c9s un tel\u00e8fon intel\u00b7ligent que executa el sistema operatiu Symbian OS a la plataforma S60. <\/p>\n<p>M\u00e9s informaci\u00f3 <strong><a href=\"https:\/\/es.wikipedia.org\/wiki\/Nokia_6600\">AQU\u00cd<\/a><\/strong>.<\/p>\n","protected":false},"excerpt":{"rendered":"<p>El Nokia 6600 \u00e9s un tel\u00e8fon m\u00f2bil llan\u00e7at el 2003 per l&#8217;empresa finlandesa Nokia. En el seu moment, va ser el producte m\u00e9s avan\u00e7at creat per Nokia.1\u200b \u00c9s un tel\u00e8fon intel\u00b7ligent que executa el sistema operatiu Symbian OS a la plataforma S60. <\/p>\n","protected":false},"featured_media":20478,"comment_status":"closed","ping_status":"closed","template":"","meta":{"_acf_changed":false},"product_brand":[],"product_cat":[409,410],"product_tag":[412,413],"class_list":{"0":"post-21471","1":"product","2":"type-product","3":"status-publish","4":"has-post-thumbnail","6":"product_cat-mobils","7":"product_cat-nokia","8":"product_tag-nokia","9":"product_tag-telefon","11":"first","12":"instock","13":"shipping-taxable","14":"product-type-simple"},"acf":[],"_links":{"self":[{"href":"https:\/\/componentesusados.org\/ca\/wp-json\/wp\/v2\/product\/21471","targetHints":{"allow":["GET"]}}],"collection":[{"href":"https:\/\/componentesusados.org\/ca\/wp-json\/wp\/v2\/product"}],"about":[{"href":"https:\/\/componentesusados.org\/ca\/wp-json\/wp\/v2\/types\/product"}],"replies":[{"embeddable":true,"href":"https:\/\/componentesusados.org\/ca\/wp-json\/wp\/v2\/comments?post=21471"}],"wp:featuredmedia":[{"embeddable":true,"href":"https:\/\/componentesusados.org\/ca\/wp-json\/wp\/v2\/media\/20478"}],"wp:attachment":[{"href":"https:\/\/componentesusados.org\/ca\/wp-json\/wp\/v2\/media?parent=21471"}],"wp:term":[{"taxonomy":"product_brand","embeddable":true,"href":"https:\/\/componentesusados.org\/ca\/wp-json\/wp\/v2\/product_brand?post=21471"},{"taxonomy":"product_cat","embeddable":true,"href":"https:\/\/componentesusados.org\/ca\/wp-json\/wp\/v2\/product_cat?post=21471"},{"taxonomy":"product_tag","embeddable":true,"href":"https:\/\/componentesusados.org\/ca\/wp-json\/wp\/v2\/product_tag?post=21471"}],"curies":[{"name":"wp","href":"https:\/\/api.w.org\/{rel}","templated":true}]}}