{"id":21456,"date":"2026-01-29T11:56:06","date_gmt":"2026-01-29T10:56:06","guid":{"rendered":"https:\/\/componentesusados.org\/producto\/telematch-200\/"},"modified":"2026-01-29T11:56:06","modified_gmt":"2026-01-29T10:56:06","slug":"telematch-200","status":"publish","type":"product","link":"https:\/\/componentesusados.org\/ca\/producto\/telematch-200\/","title":{"rendered":"TeleMatch 200"},"content":{"rendered":"<p>Telematch \u00e9s un joystick per a ordinadors personals, que feia servir elements i peces de m\u00e0quines recreatives, per a una gran experi\u00e8ncia de joc en el seu maneig.<\/p>\n<p>A Espanya el fabricaven i comercialitzaven Alfamatic i Industrias Lorenzo a principis dels 80 i 90.<\/p>\n<p>Aquest Telematch 200, el quart model, despr\u00e9s dels de fusta senzill i doble, i un altre de pl\u00e0stic, era per a ordinadors Amiga, tot i que amb el selector posterior es podia canviar a altres sistemes, i constava de dos botons.<\/p>\n<p>Avui dia se\u2019n continuen fabricant i venent models iguals, i clons de diferents formes i colors, tamb\u00e9 amb quatre botons.<\/p>\n<p>El millor d\u2019aquests comandaments \u00e9s que, si s\u2019espatlla un control, un switch de la palanca de direcci\u00f3 (en tenen quatre de separats) o qualsevol bot\u00f3, es treu la tapa inferior i es canvia amb una facilitat sorprenent, fent que durin anys i anys (aquest en t\u00e9 30, d\u2019\u00fas intens).<\/p>\n<p>M\u00e9s informaci\u00f3 <strong><a href=\"https:\/\/www.commodorespain.es\/joystick-telemach-historia-de-un-clasico-y-sus-modelos\/\">AQU\u00cd<\/a><\/strong>.<\/p>\n","protected":false},"excerpt":{"rendered":"<ul>\n<li><strong>Disseny simple i durador:<\/strong> components professionals i intercanviables<\/li>\n<li><strong>Connectivitat:<\/strong> es pot canviar amb un switch de sistema, perqu\u00e8 serveixi per a una multitud d\u2019ells (8 i 16 bits)<\/li>\n<\/ul>\n","protected":false},"featured_media":20398,"comment_status":"closed","ping_status":"closed","template":"","meta":{"_acf_changed":false},"product_brand":[],"product_cat":[434],"product_tag":[593,384,435,594],"class_list":{"0":"post-21456","1":"product","2":"type-product","3":"status-publish","4":"has-post-thumbnail","6":"product_cat-joysticks-i-controladors","7":"product_tag-593","8":"product_tag-comandament","9":"product_tag-joystick","10":"product_tag-telematch","12":"first","13":"instock","14":"shipping-taxable","15":"product-type-simple"},"acf":[],"_links":{"self":[{"href":"https:\/\/componentesusados.org\/ca\/wp-json\/wp\/v2\/product\/21456","targetHints":{"allow":["GET"]}}],"collection":[{"href":"https:\/\/componentesusados.org\/ca\/wp-json\/wp\/v2\/product"}],"about":[{"href":"https:\/\/componentesusados.org\/ca\/wp-json\/wp\/v2\/types\/product"}],"replies":[{"embeddable":true,"href":"https:\/\/componentesusados.org\/ca\/wp-json\/wp\/v2\/comments?post=21456"}],"wp:featuredmedia":[{"embeddable":true,"href":"https:\/\/componentesusados.org\/ca\/wp-json\/wp\/v2\/media\/20398"}],"wp:attachment":[{"href":"https:\/\/componentesusados.org\/ca\/wp-json\/wp\/v2\/media?parent=21456"}],"wp:term":[{"taxonomy":"product_brand","embeddable":true,"href":"https:\/\/componentesusados.org\/ca\/wp-json\/wp\/v2\/product_brand?post=21456"},{"taxonomy":"product_cat","embeddable":true,"href":"https:\/\/componentesusados.org\/ca\/wp-json\/wp\/v2\/product_cat?post=21456"},{"taxonomy":"product_tag","embeddable":true,"href":"https:\/\/componentesusados.org\/ca\/wp-json\/wp\/v2\/product_tag?post=21456"}],"curies":[{"name":"wp","href":"https:\/\/api.w.org\/{rel}","templated":true}]}}