{"id":21453,"date":"2026-01-29T11:56:06","date_gmt":"2026-01-29T10:56:06","guid":{"rendered":"https:\/\/componentesusados.org\/producto\/sega-dreamcast\/"},"modified":"2026-01-29T11:56:06","modified_gmt":"2026-01-29T10:56:06","slug":"sega-dreamcast","status":"publish","type":"product","link":"https:\/\/componentesusados.org\/ca\/producto\/sega-dreamcast\/","title":{"rendered":"Sega Dreamcast"},"content":{"rendered":"<p>Dreamcast, llan\u00e7ada el 1998 al Jap\u00f3 i el 1999 als EUA i Europa, va ser la cinquena i \u00faltima consola de Sega, amb un maquinari innovador, com la CPU de 32 bits Hitachi i un processador gr\u00e0fic NEC PowerVR2 de 128 bits. Tamb\u00e9 comptava amb un sistema operatiu basat en Windows CE de Microsoft, i tenia un m\u00f2dem integrat per navegar per internet i jugar en l\u00ednia.<\/p>\n<p>La targeta de mem\u00f2ria tenia una pantalla LCD i es podia fer servir com a mini consola. Per\u00f2, tot i aix\u00f2 i un ventall de grans jocs, va perdre la &#8220;guerra&#8221; amb les consoles de la seva generaci\u00f3, com la PlayStation 2, que va sortir el mateix any, i va fer que Sega desist\u00eds de desenvolupar maquinari.<\/p>\n<p>M\u00e9s info <strong><a href=\"https:\/\/es.wikipedia.org\/wiki\/Dreamcast\">AQU\u00cd<\/a><\/strong>.<\/p>\n","protected":false},"excerpt":{"rendered":"<ul>\n<li>Pionera en gr\u00e0fics: va ser la primera consola de videojocs a oferir gr\u00e0fics de 128 bits, cosa que va permetre experi\u00e8ncies visuals impressionants per a la seva \u00e8poca.<\/li>\n<li>Innovaci\u00f3 en connectivitat: va introduir el primer m\u00f2dem incorporat en una consola de videojocs, permetent als jugadors accedir a serveis en l\u00ednia, com jugar en l\u00ednia, descarregar contingut i navegar per la web.<\/li>\n<li>\u00c0mplia varietat de jocs: malgrat la seva curta vida al mercat, la Dreamcast tenia una biblioteca de jocs impressionant (aprox. 600), que inclo\u00efa t\u00edtols exclusius i populars com &#8220;Sonic Adventure&#8221;, &#8220;Shenmue&#8221; i &#8220;Crazy Taxi&#8221;<\/li>\n<\/ul>\n","protected":false},"featured_media":20396,"comment_status":"open","ping_status":"closed","template":"","meta":{"_acf_changed":false},"product_brand":[],"product_cat":[576],"product_tag":[525,431],"class_list":{"0":"post-21453","1":"product","2":"type-product","3":"status-publish","4":"has-post-thumbnail","6":"product_cat-consoles-de-sisena-generacio","7":"product_tag-dreamcast","8":"product_tag-sega","10":"first","11":"instock","12":"shipping-taxable","13":"product-type-simple"},"acf":[],"_links":{"self":[{"href":"https:\/\/componentesusados.org\/ca\/wp-json\/wp\/v2\/product\/21453","targetHints":{"allow":["GET"]}}],"collection":[{"href":"https:\/\/componentesusados.org\/ca\/wp-json\/wp\/v2\/product"}],"about":[{"href":"https:\/\/componentesusados.org\/ca\/wp-json\/wp\/v2\/types\/product"}],"replies":[{"embeddable":true,"href":"https:\/\/componentesusados.org\/ca\/wp-json\/wp\/v2\/comments?post=21453"}],"wp:featuredmedia":[{"embeddable":true,"href":"https:\/\/componentesusados.org\/ca\/wp-json\/wp\/v2\/media\/20396"}],"wp:attachment":[{"href":"https:\/\/componentesusados.org\/ca\/wp-json\/wp\/v2\/media?parent=21453"}],"wp:term":[{"taxonomy":"product_brand","embeddable":true,"href":"https:\/\/componentesusados.org\/ca\/wp-json\/wp\/v2\/product_brand?post=21453"},{"taxonomy":"product_cat","embeddable":true,"href":"https:\/\/componentesusados.org\/ca\/wp-json\/wp\/v2\/product_cat?post=21453"},{"taxonomy":"product_tag","embeddable":true,"href":"https:\/\/componentesusados.org\/ca\/wp-json\/wp\/v2\/product_tag?post=21453"}],"curies":[{"name":"wp","href":"https:\/\/api.w.org\/{rel}","templated":true}]}}