{"id":21427,"date":"2026-01-29T11:56:06","date_gmt":"2026-01-29T10:56:06","guid":{"rendered":"https:\/\/componentesusados.org\/producto\/nintendo-game-watch-pinball-pb-59\/"},"modified":"2026-01-29T11:56:06","modified_gmt":"2026-01-29T10:56:06","slug":"nintendo-game-watch-pinball-pb-59","status":"publish","type":"product","link":"https:\/\/componentesusados.org\/ca\/producto\/nintendo-game-watch-pinball-pb-59\/","title":{"rendered":"Nintendo Game &amp; Watch Pinball PB-59"},"content":{"rendered":"<p>Aquestes &#8220;consoles&#8221; de Nintendo, amb el nom original de Game &amp; Watch, van ser llan\u00e7ades entre 1980 i 1991, amb un total de 59 t\u00edtols, entre els quals aquest Pinball, per\u00f2 tamb\u00e9 Donkey Kong, Mario Bros o The Legend of Zelda.<\/p>\n<p>N&#8217;hi havia de pantalla simple, o com aquesta de pantalla doble, tot i que cal restaurar-la, avui dia trobareu tots els accessoris i kits per poder reparar-les, nom\u00e9s cal buscar.<\/p>\n<p>En combinar rellotge i alarma, juntament amb el joc, les van convertir en un estendard dels videojocs, per popularitzar-los en general, i com no, altres marques es van llan\u00e7ar a la c\u00f2pia i el clonatge, per al gaudi dels usuaris.<\/p>\n<p>Pinball PB-59<\/p>\n<p>M\u00e9s informaci\u00f3 <strong><a href=\"https:\/\/es.wikipedia.org\/wiki\/Game_%26_Watch\">AQU\u00cd<\/a><\/strong>.<\/p>\n","protected":false},"excerpt":{"rendered":"<ul>\n<li><strong>Caracter\u00edstiques Clau:<\/strong>\n<ul>\n<li><strong>Disseny compacte:<\/strong> Port\u00e0til i f\u00e0cil de transportar.<\/li>\n<li><strong>Pantalla LCD:<\/strong> Pantalla monocrom\u00e0tica<\/li>\n<li><strong>Funcionalitat dual:<\/strong> Inclou funcions de rellotge i alarma, juntament amb el joc de pinball.<\/li>\n<\/ul>\n<\/li>\n<\/ul>\n","protected":false},"featured_media":20410,"comment_status":"closed","ping_status":"closed","template":"","meta":{"_acf_changed":false},"product_brand":[],"product_cat":[573],"product_tag":[574,400,575],"class_list":{"0":"post-21427","1":"product","2":"type-product","3":"status-publish","4":"has-post-thumbnail","6":"product_cat-consola-classica-1a-i-2a-generacio","7":"product_tag-gamewatch","8":"product_tag-nintendo","9":"product_tag-pinball","11":"first","12":"instock","13":"shipping-taxable","14":"product-type-simple"},"acf":[],"_links":{"self":[{"href":"https:\/\/componentesusados.org\/ca\/wp-json\/wp\/v2\/product\/21427","targetHints":{"allow":["GET"]}}],"collection":[{"href":"https:\/\/componentesusados.org\/ca\/wp-json\/wp\/v2\/product"}],"about":[{"href":"https:\/\/componentesusados.org\/ca\/wp-json\/wp\/v2\/types\/product"}],"replies":[{"embeddable":true,"href":"https:\/\/componentesusados.org\/ca\/wp-json\/wp\/v2\/comments?post=21427"}],"wp:featuredmedia":[{"embeddable":true,"href":"https:\/\/componentesusados.org\/ca\/wp-json\/wp\/v2\/media\/20410"}],"wp:attachment":[{"href":"https:\/\/componentesusados.org\/ca\/wp-json\/wp\/v2\/media?parent=21427"}],"wp:term":[{"taxonomy":"product_brand","embeddable":true,"href":"https:\/\/componentesusados.org\/ca\/wp-json\/wp\/v2\/product_brand?post=21427"},{"taxonomy":"product_cat","embeddable":true,"href":"https:\/\/componentesusados.org\/ca\/wp-json\/wp\/v2\/product_cat?post=21427"},{"taxonomy":"product_tag","embeddable":true,"href":"https:\/\/componentesusados.org\/ca\/wp-json\/wp\/v2\/product_tag?post=21427"}],"curies":[{"name":"wp","href":"https:\/\/api.w.org\/{rel}","templated":true}]}}