{"id":21419,"date":"2026-01-29T11:56:07","date_gmt":"2026-01-29T10:56:07","guid":{"rendered":"https:\/\/componentesusados.org\/producto\/starcraft-ii-legacy-of-the-void-edicio-colleccionista\/"},"modified":"2026-01-29T11:56:07","modified_gmt":"2026-01-29T10:56:07","slug":"starcraft-ii-legacy-of-the-void-edicio-colleccionista","status":"publish","type":"product","link":"https:\/\/componentesusados.org\/ca\/producto\/starcraft-ii-legacy-of-the-void-edicio-colleccionista\/","title":{"rendered":"StarCraft II: Legacy of the Void &#8211; Edici\u00f3 col\u00b7leccionista &#8211;"},"content":{"rendered":"<p>StarCraft II: Legacy of the Void Collectors Edition, llan\u00e7ada el 2015, \u00e9s l&#8217;edici\u00f3 especial de l&#8217;aclamat joc d&#8217;estrat\u00e8gia en temps real, centrat en la ra\u00e7a Protoss i la conclusi\u00f3 \u00e8pica de la trilogia.<\/p>\n","protected":false},"excerpt":{"rendered":"<ul>\n<li><strong>Caracter\u00edstiques:<\/strong>\n<ul>\n<li>Llibre d&#8217;art exclusiu.<\/li>\n<li>Banda sonora oficial.<\/li>\n<li>Contingut digital addicional.<\/li>\n<\/ul>\n<\/li>\n<\/ul>\n","protected":false},"featured_media":20431,"comment_status":"closed","ping_status":"closed","template":"","meta":{"_acf_changed":false},"product_brand":[],"product_cat":[437],"product_tag":[570,571,572],"class_list":{"0":"post-21419","1":"product","2":"type-product","3":"status-publish","4":"has-post-thumbnail","6":"product_cat-videojocs","7":"product_tag-blizzard","8":"product_tag-pc","9":"product_tag-starcraft","11":"first","12":"instock","13":"shipping-taxable","14":"product-type-simple"},"acf":[],"_links":{"self":[{"href":"https:\/\/componentesusados.org\/ca\/wp-json\/wp\/v2\/product\/21419","targetHints":{"allow":["GET"]}}],"collection":[{"href":"https:\/\/componentesusados.org\/ca\/wp-json\/wp\/v2\/product"}],"about":[{"href":"https:\/\/componentesusados.org\/ca\/wp-json\/wp\/v2\/types\/product"}],"replies":[{"embeddable":true,"href":"https:\/\/componentesusados.org\/ca\/wp-json\/wp\/v2\/comments?post=21419"}],"wp:featuredmedia":[{"embeddable":true,"href":"https:\/\/componentesusados.org\/ca\/wp-json\/wp\/v2\/media\/20431"}],"wp:attachment":[{"href":"https:\/\/componentesusados.org\/ca\/wp-json\/wp\/v2\/media?parent=21419"}],"wp:term":[{"taxonomy":"product_brand","embeddable":true,"href":"https:\/\/componentesusados.org\/ca\/wp-json\/wp\/v2\/product_brand?post=21419"},{"taxonomy":"product_cat","embeddable":true,"href":"https:\/\/componentesusados.org\/ca\/wp-json\/wp\/v2\/product_cat?post=21419"},{"taxonomy":"product_tag","embeddable":true,"href":"https:\/\/componentesusados.org\/ca\/wp-json\/wp\/v2\/product_tag?post=21419"}],"curies":[{"name":"wp","href":"https:\/\/api.w.org\/{rel}","templated":true}]}}