{"id":21415,"date":"2026-01-29T11:56:06","date_gmt":"2026-01-29T10:56:06","guid":{"rendered":"https:\/\/componentesusados.org\/producto\/super-nintendo\/"},"modified":"2026-01-29T11:56:06","modified_gmt":"2026-01-29T10:56:06","slug":"super-nintendo","status":"publish","type":"product","link":"https:\/\/componentesusados.org\/ca\/producto\/super-nintendo\/","title":{"rendered":"Super Nintendo"},"content":{"rendered":"<p>La Super Nintendo, llan\u00e7ada el 1990, \u00e9s una consola cl\u00e0ssica de 16 bits que va dominar els anys 90 amb els seus jocs ic\u00f2nics i gr\u00e0fics avan\u00e7ats per a la seva \u00e8poca.<\/p>\n<p>Tot i que m\u00e9s tard que les seves competidores directes, com la Pc Engine\/TurboGrafx-16 o la Sega Mega Drive, va ser tot un \u00e8xit de llan\u00e7ament, amb 300 mil unitats venudes en poques hores, arribant gaireb\u00e9 en total, en tota la seva hist\u00f2ria a 50 milions d&#8217;unitats.<\/p>\n<p>M\u00e9s info <a href=\"https:\/\/es.wikipedia.org\/wiki\/Super_Nintendo\"><strong>AQU\u00cd<\/strong><\/a>.<\/p>\n","protected":false},"excerpt":{"rendered":"<ul>\n<li><strong>Caracter\u00edstiques:<\/strong>\n<ul>\n<li>Gr\u00e0fics de 16 bits.<\/li>\n<li>So est\u00e8reo.<\/li>\n<li>Grans jocs per a la hist\u00f2ria, com Super Mario World<\/li>\n<\/ul>\n<\/li>\n<\/ul>\n","protected":false},"featured_media":20428,"comment_status":"open","ping_status":"closed","template":"","meta":{"_acf_changed":false},"product_brand":[],"product_cat":[507],"product_tag":[400,569],"class_list":{"0":"post-21415","1":"product","2":"type-product","3":"status-publish","4":"has-post-thumbnail","6":"product_cat-consola-de-16-bits-o-de-quarta-generacio","7":"product_tag-nintendo","8":"product_tag-supernes","10":"first","11":"instock","12":"shipping-taxable","13":"product-type-simple"},"acf":[],"_links":{"self":[{"href":"https:\/\/componentesusados.org\/ca\/wp-json\/wp\/v2\/product\/21415","targetHints":{"allow":["GET"]}}],"collection":[{"href":"https:\/\/componentesusados.org\/ca\/wp-json\/wp\/v2\/product"}],"about":[{"href":"https:\/\/componentesusados.org\/ca\/wp-json\/wp\/v2\/types\/product"}],"replies":[{"embeddable":true,"href":"https:\/\/componentesusados.org\/ca\/wp-json\/wp\/v2\/comments?post=21415"}],"wp:featuredmedia":[{"embeddable":true,"href":"https:\/\/componentesusados.org\/ca\/wp-json\/wp\/v2\/media\/20428"}],"wp:attachment":[{"href":"https:\/\/componentesusados.org\/ca\/wp-json\/wp\/v2\/media?parent=21415"}],"wp:term":[{"taxonomy":"product_brand","embeddable":true,"href":"https:\/\/componentesusados.org\/ca\/wp-json\/wp\/v2\/product_brand?post=21415"},{"taxonomy":"product_cat","embeddable":true,"href":"https:\/\/componentesusados.org\/ca\/wp-json\/wp\/v2\/product_cat?post=21415"},{"taxonomy":"product_tag","embeddable":true,"href":"https:\/\/componentesusados.org\/ca\/wp-json\/wp\/v2\/product_tag?post=21415"}],"curies":[{"name":"wp","href":"https:\/\/api.w.org\/{rel}","templated":true}]}}