{"id":21377,"date":"2026-01-29T11:56:07","date_gmt":"2026-01-29T10:56:07","guid":{"rendered":"https:\/\/componentesusados.org\/producto\/telefon-mobil-nokia-1610\/"},"modified":"2026-01-29T11:56:07","modified_gmt":"2026-01-29T10:56:07","slug":"telefon-mobil-nokia-1610","status":"publish","type":"product","link":"https:\/\/componentesusados.org\/ca\/producto\/telefon-mobil-nokia-1610\/","title":{"rendered":"Tel\u00e8fon m\u00f2bil NOKIA 1610"},"content":{"rendered":"<p>El Nokia 1610 va ser un tel\u00e8fon m\u00f2bil GSM 900 fabricat per Nokia amb el codi de producte NHE-5NX. Va ser llan\u00e7at l&#8217;abril de 1996 i en el seu moment va ser molt popular a tot el m\u00f3n. Disposava d&#8217;una pantalla monocroma de 16 car\u00e0cters il\u00b7luminada. Tenia 23 tecles. L&#8217;antena era fixa i no extra\u00efble.    <\/p>\n<p>&nbsp;<\/p>\n<p>M\u00e9s info <a href=\"https:\/\/es.wikipedia.org\/wiki\/Nokia_1610\"><strong>AQU\u00cd<\/strong><\/a>.<\/p>\n","protected":false},"excerpt":{"rendered":"<p>El Nokia 1610 va ser un tel\u00e8fon m\u00f2bil GSM 900 fabricat per Nokia amb el codi de producte NHE-5NX. Va ser llan\u00e7at l&#8217;abril de 1996 i en el seu moment va ser molt popular a tot el m\u00f3n. Disposava d&#8217;una pantalla monocroma de 16 car\u00e0cters il\u00b7luminada. Tenia 23 tecles. L&#8217;antena era fixa i no extra\u00efble.    <\/p>\n<p>&nbsp;<\/p>\n<p>M\u00e9s info <a href=\"https:\/\/es.wikipedia.org\/wiki\/Nokia_1610\"><strong>AQU\u00cd<\/strong><\/a>.<\/p>\n","protected":false},"featured_media":20468,"comment_status":"closed","ping_status":"closed","template":"","meta":{"_acf_changed":false},"product_brand":[],"product_cat":[409,410],"product_tag":[538,411,412],"class_list":{"0":"post-21377","1":"product","2":"type-product","3":"status-publish","4":"has-post-thumbnail","6":"product_cat-mobils","7":"product_cat-nokia","8":"product_tag-538","9":"product_tag-mobil","10":"product_tag-nokia","12":"first","13":"instock","14":"shipping-taxable","15":"product-type-simple"},"acf":[],"_links":{"self":[{"href":"https:\/\/componentesusados.org\/ca\/wp-json\/wp\/v2\/product\/21377","targetHints":{"allow":["GET"]}}],"collection":[{"href":"https:\/\/componentesusados.org\/ca\/wp-json\/wp\/v2\/product"}],"about":[{"href":"https:\/\/componentesusados.org\/ca\/wp-json\/wp\/v2\/types\/product"}],"replies":[{"embeddable":true,"href":"https:\/\/componentesusados.org\/ca\/wp-json\/wp\/v2\/comments?post=21377"}],"wp:featuredmedia":[{"embeddable":true,"href":"https:\/\/componentesusados.org\/ca\/wp-json\/wp\/v2\/media\/20468"}],"wp:attachment":[{"href":"https:\/\/componentesusados.org\/ca\/wp-json\/wp\/v2\/media?parent=21377"}],"wp:term":[{"taxonomy":"product_brand","embeddable":true,"href":"https:\/\/componentesusados.org\/ca\/wp-json\/wp\/v2\/product_brand?post=21377"},{"taxonomy":"product_cat","embeddable":true,"href":"https:\/\/componentesusados.org\/ca\/wp-json\/wp\/v2\/product_cat?post=21377"},{"taxonomy":"product_tag","embeddable":true,"href":"https:\/\/componentesusados.org\/ca\/wp-json\/wp\/v2\/product_tag?post=21377"}],"curies":[{"name":"wp","href":"https:\/\/api.w.org\/{rel}","templated":true}]}}