{"id":21369,"date":"2026-01-29T12:04:07","date_gmt":"2026-01-29T11:04:07","guid":{"rendered":"https:\/\/componentesusados.org\/producto\/nintendo-2ds\/"},"modified":"2026-01-29T12:04:07","modified_gmt":"2026-01-29T11:04:07","slug":"nintendo-2ds","status":"publish","type":"product","link":"https:\/\/componentesusados.org\/ca\/producto\/nintendo-2ds\/","title":{"rendered":"Nintendo 2DS"},"content":{"rendered":"<p>Llan\u00e7ada el 12 d&#8217;octubre de 2013 (NA) i 27 de febrer de 2016 (JP).<\/p>\n<p>La <b>Nintendo 2DS<\/b> conserva les mateixes funcions i especificacions que aquesta, excepte que no reprodueix els <a title=\"Videojoc\" href=\"https:\/\/es.wikipedia.org\/wiki\/Videojuego\">videojocs<\/a> amb l&#8217;efecte <a title=\"Tridimensional\" href=\"https:\/\/es.wikipedia.org\/wiki\/Tridimensional\">3D<\/a>, sin\u00f3 nom\u00e9s en <a title=\"Bidimensional\" href=\"https:\/\/es.wikipedia.org\/wiki\/Bidimensional\">2D<\/a>, d&#8217;aqu\u00ed el seu nom, 2DS. Conserva la mida de pantalles de Nintendo 3DS. <\/p>\n<p><strong><a href=\"https:\/\/es.wikipedia.org\/wiki\/Nintendo_3DS#Nintendo_2DS\">M\u00c9S INFORMACI\u00d3 AQU\u00cd<\/a><\/strong><\/p>\n","protected":false},"excerpt":{"rendered":"<p>Llan\u00e7ada el 12 d&#8217;octubre de 2013 (NA) i 27 de febrer de 2016 (JP).<\/p>\n<p>La <b>Nintendo 2DS<\/b> conserva les mateixes funcions i especificacions que aquesta, excepte que no reprodueix els <a title=\"Videojoc\" href=\"https:\/\/es.wikipedia.org\/wiki\/Videojuego\">videojocs<\/a> amb l&#8217;efecte <a title=\"Tridimensional\" href=\"https:\/\/es.wikipedia.org\/wiki\/Tridimensional\">3D<\/a>, sin\u00f3 nom\u00e9s en <a title=\"Bidimensional\" href=\"https:\/\/es.wikipedia.org\/wiki\/Bidimensional\">2D<\/a>, d&#8217;aqu\u00ed el seu nom, 2DS. Conserva la mida de pantalles de Nintendo 3DS. <\/p>\n<p><strong><a href=\"https:\/\/es.wikipedia.org\/wiki\/Nintendo_3DS#Nintendo_2DS\">M\u00c9S INFORMACI\u00d3 AQU\u00cd<\/a><\/strong><\/p>\n","protected":false},"featured_media":20583,"comment_status":"closed","ping_status":"closed","template":"","meta":{"_acf_changed":false},"product_brand":[],"product_cat":[496],"product_tag":[528,529,530,400,531],"class_list":{"0":"post-21369","1":"product","2":"type-product","3":"status-publish","4":"has-post-thumbnail","6":"product_cat-consoles-de-vuitena-generacio","7":"product_tag-2ds","8":"product_tag-3ds","9":"product_tag-llapis","10":"product_tag-nintendo","11":"product_tag-tactil","13":"first","14":"instock","15":"shipping-taxable","16":"product-type-simple"},"acf":[],"_links":{"self":[{"href":"https:\/\/componentesusados.org\/ca\/wp-json\/wp\/v2\/product\/21369","targetHints":{"allow":["GET"]}}],"collection":[{"href":"https:\/\/componentesusados.org\/ca\/wp-json\/wp\/v2\/product"}],"about":[{"href":"https:\/\/componentesusados.org\/ca\/wp-json\/wp\/v2\/types\/product"}],"replies":[{"embeddable":true,"href":"https:\/\/componentesusados.org\/ca\/wp-json\/wp\/v2\/comments?post=21369"}],"wp:featuredmedia":[{"embeddable":true,"href":"https:\/\/componentesusados.org\/ca\/wp-json\/wp\/v2\/media\/20583"}],"wp:attachment":[{"href":"https:\/\/componentesusados.org\/ca\/wp-json\/wp\/v2\/media?parent=21369"}],"wp:term":[{"taxonomy":"product_brand","embeddable":true,"href":"https:\/\/componentesusados.org\/ca\/wp-json\/wp\/v2\/product_brand?post=21369"},{"taxonomy":"product_cat","embeddable":true,"href":"https:\/\/componentesusados.org\/ca\/wp-json\/wp\/v2\/product_cat?post=21369"},{"taxonomy":"product_tag","embeddable":true,"href":"https:\/\/componentesusados.org\/ca\/wp-json\/wp\/v2\/product_tag?post=21369"}],"curies":[{"name":"wp","href":"https:\/\/api.w.org\/{rel}","templated":true}]}}