{"id":21342,"date":"2026-01-29T12:03:37","date_gmt":"2026-01-29T11:03:37","guid":{"rendered":"https:\/\/componentesusados.org\/producto\/retron-3-hd\/"},"modified":"2026-01-29T12:03:37","modified_gmt":"2026-01-29T11:03:37","slug":"retron-3-hd","status":"publish","type":"product","link":"https:\/\/componentesusados.org\/ca\/producto\/retron-3-hd\/","title":{"rendered":"Retron 3 HD"},"content":{"rendered":"<p>RetroN 3 (2010)<\/p>\n<p>es va llan\u00e7ar el maig de 2010. \u00c9s compatible amb jocs de Nintendo Entertainment System (NES), Super Nintendo (SNES) i Sega Genesis. Inclou comandaments sense fils, aix\u00ed com ports que permeten l&#8217;\u00fas dels comandaments originals llan\u00e7ats per a cada consola compatible. El RetroN 3 ofereix sortida S-video i RCA. Es va vendre per 70 $ en dos colors: vermell i negre.   <\/p>\n<p><a href=\"https:\/\/es.wikipedia.org\/wiki\/RetroN\"><strong>M\u00e9s info de la s\u00e8rie Retron AQU\u00cd<\/strong><\/a><\/p>\n<p>T\u00e9 selector de PAL i NTSC per separat per a cada sistema, per\u00f2 ja us avancem que no carrega els xips especials, tipus FX de Super Nintendo.<\/p>\n","protected":false},"excerpt":{"rendered":"<p>RetroN 3 (2010)<\/p>\n<p>es va llan\u00e7ar el maig de 2010. \u00c9s compatible amb jocs de Nintendo Entertainment System (NES), Super Nintendo (SNES) i Sega Genesis. Inclou comandaments sense fils, aix\u00ed com ports que permeten l&#8217;\u00fas dels comandaments originals llan\u00e7ats per a cada consola compatible. El RetroN 3 ofereix sortida S-video i RCA. Es va vendre per 70 $ en dos colors: vermell i negre.   <\/p>\n<p><a href=\"https:\/\/es.wikipedia.org\/wiki\/RetroN\"><strong>M\u00e9s info de la s\u00e8rie Retron AQU\u00cd<\/strong><\/a><\/p>\n<p>T\u00e9 selector de PAL i NTSC per separat per a cada sistema, per\u00f2 ja us avancem que no carrega els xips especials, tipus FX de Super Nintendo.<\/p>\n","protected":false},"featured_media":20554,"comment_status":"closed","ping_status":"closed","template":"","meta":{"_acf_changed":false},"product_brand":[],"product_cat":[507],"product_tag":[508,509,401,510,431],"class_list":{"0":"post-21342","1":"product","2":"type-product","3":"status-publish","4":"has-post-thumbnail","6":"product_cat-consola-de-16-bits-o-de-quarta-generacio","7":"product_tag-compatible","8":"product_tag-hd","9":"product_tag-nes","10":"product_tag-retron","11":"product_tag-sega","13":"first","14":"instock","15":"shipping-taxable","16":"product-type-simple"},"acf":[],"_links":{"self":[{"href":"https:\/\/componentesusados.org\/ca\/wp-json\/wp\/v2\/product\/21342","targetHints":{"allow":["GET"]}}],"collection":[{"href":"https:\/\/componentesusados.org\/ca\/wp-json\/wp\/v2\/product"}],"about":[{"href":"https:\/\/componentesusados.org\/ca\/wp-json\/wp\/v2\/types\/product"}],"replies":[{"embeddable":true,"href":"https:\/\/componentesusados.org\/ca\/wp-json\/wp\/v2\/comments?post=21342"}],"wp:featuredmedia":[{"embeddable":true,"href":"https:\/\/componentesusados.org\/ca\/wp-json\/wp\/v2\/media\/20554"}],"wp:attachment":[{"href":"https:\/\/componentesusados.org\/ca\/wp-json\/wp\/v2\/media?parent=21342"}],"wp:term":[{"taxonomy":"product_brand","embeddable":true,"href":"https:\/\/componentesusados.org\/ca\/wp-json\/wp\/v2\/product_brand?post=21342"},{"taxonomy":"product_cat","embeddable":true,"href":"https:\/\/componentesusados.org\/ca\/wp-json\/wp\/v2\/product_cat?post=21342"},{"taxonomy":"product_tag","embeddable":true,"href":"https:\/\/componentesusados.org\/ca\/wp-json\/wp\/v2\/product_tag?post=21342"}],"curies":[{"name":"wp","href":"https:\/\/api.w.org\/{rel}","templated":true}]}}