{"id":21333,"date":"2026-01-29T12:03:17","date_gmt":"2026-01-29T11:03:17","guid":{"rendered":"https:\/\/componentesusados.org\/producto\/xbox-one-negra-amb-caixa\/"},"modified":"2026-01-29T12:03:17","modified_gmt":"2026-01-29T11:03:17","slug":"xbox-one-negra-amb-caixa","status":"publish","type":"product","link":"https:\/\/componentesusados.org\/ca\/producto\/xbox-one-negra-amb-caixa\/","title":{"rendered":"Xbox One negra amb caixa"},"content":{"rendered":"<p>Xbox One \u00e9s una consola de videojocs produ\u00efda per Microsoft. Va ser presentada el 21 de maig de 2013.[7]\u200b \u00c9s la successora de la Xbox 360 i la tercera consola de la marca Xbox. Forma part de les videoconsoles de vuitena generaci\u00f3. Va competir amb PlayStation 4 de Sony i Wii U de Nintendo i m\u00e9s tard la Switch. La seva sortida a la venda va ser el 22 de novembre de 2013[8]\u200b a un preu de 499 d\u00f2lars.[9]\u200b<\/p>\n<p><a href=\"https:\/\/es.wikipedia.org\/wiki\/Xbox_One\">M\u00e9s informaci\u00f3 a la Viquip\u00e8dia <\/a> <\/p>\n","protected":false},"excerpt":{"rendered":"<p>Xbox One \u00e9s una consola de videojocs produ\u00efda per Microsoft. Va ser presentada el 21 de maig de 2013.[7]\u200b \u00c9s la successora de la Xbox 360 i la tercera consola de la marca Xbox. Forma part de les videoconsoles de vuitena generaci\u00f3. Va competir amb PlayStation 4 de Sony i Wii U de Nintendo i m\u00e9s tard la Switch. La seva sortida a la venda va ser el 22 de novembre de 2013[8]\u200b a un preu de 499 d\u00f2lars.[9]\u200b<\/p>\n<p>&nbsp;<\/p>\n","protected":false},"featured_media":20542,"comment_status":"closed","ping_status":"closed","template":"","meta":{"_acf_changed":false},"product_brand":[],"product_cat":[496],"product_tag":[498,497,499,500,501],"class_list":{"0":"post-21333","1":"product","2":"type-product","3":"status-publish","4":"has-post-thumbnail","6":"product_cat-consoles-de-vuitena-generacio","7":"product_tag-caixa","8":"product_tag-consola","9":"product_tag-halo","10":"product_tag-microsoft","11":"product_tag-xbox","13":"first","14":"instock","15":"shipping-taxable","16":"product-type-simple"},"acf":[],"_links":{"self":[{"href":"https:\/\/componentesusados.org\/ca\/wp-json\/wp\/v2\/product\/21333","targetHints":{"allow":["GET"]}}],"collection":[{"href":"https:\/\/componentesusados.org\/ca\/wp-json\/wp\/v2\/product"}],"about":[{"href":"https:\/\/componentesusados.org\/ca\/wp-json\/wp\/v2\/types\/product"}],"replies":[{"embeddable":true,"href":"https:\/\/componentesusados.org\/ca\/wp-json\/wp\/v2\/comments?post=21333"}],"wp:featuredmedia":[{"embeddable":true,"href":"https:\/\/componentesusados.org\/ca\/wp-json\/wp\/v2\/media\/20542"}],"wp:attachment":[{"href":"https:\/\/componentesusados.org\/ca\/wp-json\/wp\/v2\/media?parent=21333"}],"wp:term":[{"taxonomy":"product_brand","embeddable":true,"href":"https:\/\/componentesusados.org\/ca\/wp-json\/wp\/v2\/product_brand?post=21333"},{"taxonomy":"product_cat","embeddable":true,"href":"https:\/\/componentesusados.org\/ca\/wp-json\/wp\/v2\/product_cat?post=21333"},{"taxonomy":"product_tag","embeddable":true,"href":"https:\/\/componentesusados.org\/ca\/wp-json\/wp\/v2\/product_tag?post=21333"}],"curies":[{"name":"wp","href":"https:\/\/api.w.org\/{rel}","templated":true}]}}