{"id":21324,"date":"2026-01-29T11:58:11","date_gmt":"2026-01-29T10:58:11","guid":{"rendered":"https:\/\/componentesusados.org\/producto\/nokia-n70\/"},"modified":"2026-03-17T11:43:53","modified_gmt":"2026-03-17T10:43:53","slug":"nokia-n70","status":"publish","type":"product","link":"https:\/\/componentesusados.org\/ca\/producto\/nokia-n70\/","title":{"rendered":"Nokia N70"},"content":{"rendered":"<p>El <strong data-start=\"3\" data-end=\"16\">Nokia N70<\/strong> \u00e9s un tel\u00e8fon m\u00f2bil llan\u00e7at el 2005 com a part de la s\u00e8rie N de Nokia, enfocada a dispositius multim\u00e8dia. Amb un disseny de barra i una pantalla en color de 2,1 polzades amb resoluci\u00f3 de 176 \u00d7 208 p\u00edxels, el N70 destacava per ser un dispositiu 3G, cosa que li permetia oferir videotrucades i connexions a internet m\u00e9s r\u00e0pides en comparaci\u00f3 amb els models anteriors. <\/p>\n<p>&nbsp;<\/p>\n<p>M\u00e9s info <a href=\"https:\/\/en.wikipedia.org\/wiki\/Nokia_N70\">AQU\u00cd<\/a><\/p>\n","protected":false},"excerpt":{"rendered":"<p>El Nokia N70 \u00e9s un tel\u00e8fon m\u00f2bil llan\u00e7at el 2005 com a part de la s\u00e8rie N de Nokia, enfocada<\/p>\n","protected":false},"featured_media":20536,"comment_status":"closed","ping_status":"closed","template":"","meta":{"_acf_changed":false},"product_brand":[],"product_cat":[409,410],"product_tag":[411,412,413],"class_list":{"0":"post-21324","1":"product","2":"type-product","3":"status-publish","4":"has-post-thumbnail","6":"product_cat-mobils","7":"product_cat-nokia","8":"product_tag-mobil","9":"product_tag-nokia","10":"product_tag-telefon","12":"first","13":"instock","14":"shipping-taxable","15":"product-type-simple"},"acf":[],"_links":{"self":[{"href":"https:\/\/componentesusados.org\/ca\/wp-json\/wp\/v2\/product\/21324","targetHints":{"allow":["GET"]}}],"collection":[{"href":"https:\/\/componentesusados.org\/ca\/wp-json\/wp\/v2\/product"}],"about":[{"href":"https:\/\/componentesusados.org\/ca\/wp-json\/wp\/v2\/types\/product"}],"replies":[{"embeddable":true,"href":"https:\/\/componentesusados.org\/ca\/wp-json\/wp\/v2\/comments?post=21324"}],"wp:featuredmedia":[{"embeddable":true,"href":"https:\/\/componentesusados.org\/ca\/wp-json\/wp\/v2\/media\/20536"}],"wp:attachment":[{"href":"https:\/\/componentesusados.org\/ca\/wp-json\/wp\/v2\/media?parent=21324"}],"wp:term":[{"taxonomy":"product_brand","embeddable":true,"href":"https:\/\/componentesusados.org\/ca\/wp-json\/wp\/v2\/product_brand?post=21324"},{"taxonomy":"product_cat","embeddable":true,"href":"https:\/\/componentesusados.org\/ca\/wp-json\/wp\/v2\/product_cat?post=21324"},{"taxonomy":"product_tag","embeddable":true,"href":"https:\/\/componentesusados.org\/ca\/wp-json\/wp\/v2\/product_tag?post=21324"}],"curies":[{"name":"wp","href":"https:\/\/api.w.org\/{rel}","templated":true}]}}