{"id":21318,"date":"2026-01-29T11:56:54","date_gmt":"2026-01-29T10:56:54","guid":{"rendered":"https:\/\/componentesusados.org\/producto\/nokia-3120-classic\/"},"modified":"2026-01-29T11:56:54","modified_gmt":"2026-01-29T10:56:54","slug":"nokia-3120-classic","status":"publish","type":"product","link":"https:\/\/componentesusados.org\/ca\/producto\/nokia-3120-classic\/","title":{"rendered":"Nokia 3120 classic"},"content":{"rendered":"<p>El Nokia 3120 classic \u00e9s un terminal de disseny cl\u00e0ssic que incorpora la tecnologia 3G i una c\u00e0mera de fotos de 2 megap\u00edxels amb flaix que el converteixen en un tel\u00e8fon de gamma mitjana. En el seu disseny destaca la pantalla de 2 polzades TFT amb 16 milions de colors, el teclat ampli i el poc gruix. Va sortir al mercat el febrer de 2008 per uns 150 \u20ac.  <\/p>\n<p>&nbsp;<\/p>\n<p>M\u00e9s info <a href=\"https:\/\/es.wikipedia.org\/wiki\/Nokia_3120_classic\">AQU\u00cd<\/a><\/p>\n<p>&nbsp;<\/p>\n","protected":false},"excerpt":{"rendered":"<p>El Nokia 3120 classic \u00e9s un terminal de disseny cl\u00e0ssic que incorpora la tecnologia 3G i una c\u00e0mera de fotos<\/p>\n","protected":false},"featured_media":20524,"comment_status":"closed","ping_status":"closed","template":"","meta":{"_acf_changed":false},"product_brand":[],"product_cat":[409,410],"product_tag":[411,412,413],"class_list":{"0":"post-21318","1":"product","2":"type-product","3":"status-publish","4":"has-post-thumbnail","6":"product_cat-mobils","7":"product_cat-nokia","8":"product_tag-mobil","9":"product_tag-nokia","10":"product_tag-telefon","12":"first","13":"instock","14":"shipping-taxable","15":"product-type-simple"},"acf":[],"_links":{"self":[{"href":"https:\/\/componentesusados.org\/ca\/wp-json\/wp\/v2\/product\/21318","targetHints":{"allow":["GET"]}}],"collection":[{"href":"https:\/\/componentesusados.org\/ca\/wp-json\/wp\/v2\/product"}],"about":[{"href":"https:\/\/componentesusados.org\/ca\/wp-json\/wp\/v2\/types\/product"}],"replies":[{"embeddable":true,"href":"https:\/\/componentesusados.org\/ca\/wp-json\/wp\/v2\/comments?post=21318"}],"wp:featuredmedia":[{"embeddable":true,"href":"https:\/\/componentesusados.org\/ca\/wp-json\/wp\/v2\/media\/20524"}],"wp:attachment":[{"href":"https:\/\/componentesusados.org\/ca\/wp-json\/wp\/v2\/media?parent=21318"}],"wp:term":[{"taxonomy":"product_brand","embeddable":true,"href":"https:\/\/componentesusados.org\/ca\/wp-json\/wp\/v2\/product_brand?post=21318"},{"taxonomy":"product_cat","embeddable":true,"href":"https:\/\/componentesusados.org\/ca\/wp-json\/wp\/v2\/product_cat?post=21318"},{"taxonomy":"product_tag","embeddable":true,"href":"https:\/\/componentesusados.org\/ca\/wp-json\/wp\/v2\/product_tag?post=21318"}],"curies":[{"name":"wp","href":"https:\/\/api.w.org\/{rel}","templated":true}]}}