{"id":21309,"date":"2026-01-29T11:56:29","date_gmt":"2026-01-29T10:56:29","guid":{"rendered":"https:\/\/componentesusados.org\/producto\/telefon-mobil-nokia-2680-slide\/"},"modified":"2026-01-29T11:56:29","modified_gmt":"2026-01-29T10:56:29","slug":"telefon-mobil-nokia-2680-slide","status":"publish","type":"product","link":"https:\/\/componentesusados.org\/ca\/producto\/telefon-mobil-nokia-2680-slide\/","title":{"rendered":"Tel\u00e8fon m\u00f2bil NOKIA-2680 slide"},"content":{"rendered":"<p>El Nokia 2680 slide \u00e9s un tel\u00e8fon de banda dual GSM E900\/1800 o E850\/1900 (per a determinats mercats) creat per Nokia. Es va anunciar el 13 d&#8217;abril de 2008. <sup id=\"cite_ref-Nokia_2680_slide_(1)_1-0\" class=\"reference\"><\/sup>Es va fabricar a Hongria, per\u00f2 es va descatalogar.<\/p>\n<p>&nbsp;<\/p>\n<p>M\u00e9s info <a href=\"https:\/\/ro.wikipedia.org\/wiki\/Nokia_2680_slide\">AQU\u00cd<\/a><\/p>\n","protected":false},"excerpt":{"rendered":"<p>El Nokia 2680 slide \u00e9s un tel\u00e8fon de banda dual GSM E900\/1800 o E850\/1900 (per a determinats mercats) creat per<\/p>\n","protected":false},"featured_media":20516,"comment_status":"closed","ping_status":"closed","template":"","meta":{"_acf_changed":false},"product_brand":[],"product_cat":[409,410],"product_tag":[469,411,412],"class_list":{"0":"post-21309","1":"product","2":"type-product","3":"status-publish","4":"has-post-thumbnail","6":"product_cat-mobils","7":"product_cat-nokia","8":"product_tag-469","9":"product_tag-mobil","10":"product_tag-nokia","12":"first","13":"instock","14":"shipping-taxable","15":"product-type-simple"},"acf":[],"_links":{"self":[{"href":"https:\/\/componentesusados.org\/ca\/wp-json\/wp\/v2\/product\/21309","targetHints":{"allow":["GET"]}}],"collection":[{"href":"https:\/\/componentesusados.org\/ca\/wp-json\/wp\/v2\/product"}],"about":[{"href":"https:\/\/componentesusados.org\/ca\/wp-json\/wp\/v2\/types\/product"}],"replies":[{"embeddable":true,"href":"https:\/\/componentesusados.org\/ca\/wp-json\/wp\/v2\/comments?post=21309"}],"wp:featuredmedia":[{"embeddable":true,"href":"https:\/\/componentesusados.org\/ca\/wp-json\/wp\/v2\/media\/20516"}],"wp:attachment":[{"href":"https:\/\/componentesusados.org\/ca\/wp-json\/wp\/v2\/media?parent=21309"}],"wp:term":[{"taxonomy":"product_brand","embeddable":true,"href":"https:\/\/componentesusados.org\/ca\/wp-json\/wp\/v2\/product_brand?post=21309"},{"taxonomy":"product_cat","embeddable":true,"href":"https:\/\/componentesusados.org\/ca\/wp-json\/wp\/v2\/product_cat?post=21309"},{"taxonomy":"product_tag","embeddable":true,"href":"https:\/\/componentesusados.org\/ca\/wp-json\/wp\/v2\/product_tag?post=21309"}],"curies":[{"name":"wp","href":"https:\/\/api.w.org\/{rel}","templated":true}]}}