{"id":21297,"date":"2026-01-29T11:56:08","date_gmt":"2026-01-29T10:56:08","guid":{"rendered":"https:\/\/componentesusados.org\/producto\/super-mario-world-cartutx-super-nintendo\/"},"modified":"2026-01-29T11:56:08","modified_gmt":"2026-01-29T10:56:08","slug":"super-mario-world-cartutx-super-nintendo","status":"publish","type":"product","link":"https:\/\/componentesusados.org\/ca\/producto\/super-mario-world-cartutx-super-nintendo\/","title":{"rendered":"Super Mario World: cartutx Super Nintendo"},"content":{"rendered":"<p>El cartutx de <strong>Super Mario World<\/strong> per a la <strong>Super Nintendo Entertainment System (SNES)<\/strong> va ser llan\u00e7at el 1990 juntament amb la consola com a t\u00edtol de llan\u00e7ament. \u00c9s un dels jocs m\u00e9s ic\u00f2nics de la saga <em>Mario<\/em> i un referent del g\u00e8nere de plataformes. Desenvolupat per Nintendo sota la direcci\u00f3 de Shigeru Miyamoto, el joc segueix Mario i Luigi en la seva missi\u00f3 de rescatar la Princesa Peach del malvat Bowser en un nou m\u00f3n anomenat Dinosaur Land.  <\/p>\n<p>El joc va introduir <strong>Yoshi<\/strong>, el fidel dinosaure company de Mario, que pot ser muntat per obtenir noves habilitats. Amb un disseny de nivells innovador, secrets amagats, camins alternatius i una jugabilitat polida, <strong>Super Mario World<\/strong> va ser aclamat per la seva creativitat i profunditat. Fins avui, \u00e9s considerat un dels millors videojocs de tots els temps i va ser un gran \u00e8xit en vendes, ajudant a consolidar la popularitat de la SNES.  <\/p>\n","protected":false},"excerpt":{"rendered":"<p>El cartutx de <strong>Super Mario World<\/strong> per a la <strong>Super Nintendo Entertainment System (SNES)<\/strong> va ser llan\u00e7at el 1990 juntament amb la consola com a t\u00edtol de llan\u00e7ament. \u00c9s un dels jocs m\u00e9s ic\u00f2nics de la saga <em>Mario<\/em> i un referent del g\u00e8nere de plataformes. Desenvolupat per Nintendo sota la direcci\u00f3 de Shigeru Miyamoto, el joc segueix Mario i Luigi en la seva missi\u00f3 de rescatar la Princesa Peach del malvat Bowser en un nou m\u00f3n anomenat Dinosaur Land.  <\/p>\n<p>El joc va introduir <strong>Yoshi<\/strong>, el fidel dinosaure company de Mario, que pot ser muntat per obtenir noves habilitats. Amb un disseny de nivells innovador, secrets amagats, camins alternatius i una jugabilitat polida, <strong>Super Mario World<\/strong> va ser aclamat per la seva creativitat i profunditat. Fins avui, \u00e9s considerat un dels millors videojocs de tots els temps i va ser un gran \u00e8xit en vendes, ajudant a consolidar la popularitat de la SNES.  <\/p>\n","protected":false},"featured_media":20490,"comment_status":"open","ping_status":"closed","template":"","meta":{"_acf_changed":false},"product_brand":[],"product_cat":[437],"product_tag":[450,451,438,452],"class_list":{"0":"post-21297","1":"product","2":"type-product","3":"status-publish","4":"has-post-thumbnail","6":"product_cat-videojocs","7":"product_tag-cartutx","8":"product_tag-mario","9":"product_tag-snes","10":"product_tag-supermarioworld","12":"first","13":"instock","14":"shipping-taxable","15":"product-type-simple"},"acf":[],"_links":{"self":[{"href":"https:\/\/componentesusados.org\/ca\/wp-json\/wp\/v2\/product\/21297","targetHints":{"allow":["GET"]}}],"collection":[{"href":"https:\/\/componentesusados.org\/ca\/wp-json\/wp\/v2\/product"}],"about":[{"href":"https:\/\/componentesusados.org\/ca\/wp-json\/wp\/v2\/types\/product"}],"replies":[{"embeddable":true,"href":"https:\/\/componentesusados.org\/ca\/wp-json\/wp\/v2\/comments?post=21297"}],"wp:featuredmedia":[{"embeddable":true,"href":"https:\/\/componentesusados.org\/ca\/wp-json\/wp\/v2\/media\/20490"}],"wp:attachment":[{"href":"https:\/\/componentesusados.org\/ca\/wp-json\/wp\/v2\/media?parent=21297"}],"wp:term":[{"taxonomy":"product_brand","embeddable":true,"href":"https:\/\/componentesusados.org\/ca\/wp-json\/wp\/v2\/product_brand?post=21297"},{"taxonomy":"product_cat","embeddable":true,"href":"https:\/\/componentesusados.org\/ca\/wp-json\/wp\/v2\/product_cat?post=21297"},{"taxonomy":"product_tag","embeddable":true,"href":"https:\/\/componentesusados.org\/ca\/wp-json\/wp\/v2\/product_tag?post=21297"}],"curies":[{"name":"wp","href":"https:\/\/api.w.org\/{rel}","templated":true}]}}