{"id":21294,"date":"2026-01-29T11:56:29","date_gmt":"2026-01-29T10:56:29","guid":{"rendered":"https:\/\/componentesusados.org\/producto\/commodore-amiga-500\/"},"modified":"2026-03-17T11:42:49","modified_gmt":"2026-03-17T10:42:49","slug":"commodore-amiga-500","status":"publish","type":"product","link":"https:\/\/componentesusados.org\/ca\/producto\/commodore-amiga-500\/","title":{"rendered":"Commodore Amiga 500"},"content":{"rendered":"<p>El <strong>Commodore Amiga 500<\/strong> \u00e9s un ordinador personal llan\u00e7at el 1987, part de la popular s\u00e8rie Amiga de Commodore. Va ser dissenyat com un model m\u00e9s accessible dins de la l\u00ednia, orientat a usuaris dom\u00e8stics i jugadors. L&#8217;Amiga 500 comptava amb un processador <strong>Motorola 68000<\/strong> a 7,16 MHz, 512 KB de RAM (ampliable) i un avan\u00e7at conjunt de xips gr\u00e0fics i de so que el destacava enfront d&#8217;altres ordinadors de l&#8217;\u00e8poca.  <\/p>\n<p>Gr\u00e0cies a la seva capacitat gr\u00e0fica i de so, l&#8217;Amiga 500 va ser molt popular en l&#8217;escena de videojocs, amb t\u00edtols ic\u00f2nics com <em>The Secret of Monkey Island<\/em>, <em>Shadow of the Beast<\/em> i <em>Lemmings<\/em>. Tamb\u00e9 era utilitzat per a aplicacions multim\u00e8dia, disseny gr\u00e0fic i edici\u00f3 de m\u00fasica. El seu preu relativament assequible i les seves prestacions superiors el van convertir en un dels ordinadors m\u00e9s estimats de finals dels 80 i principis dels 90.  <\/p>\n<p>A la foto s&#8217;observa el ratol\u00ed original, el modulador de televisi\u00f3 (per connectar a una tv per antena, encara que tamb\u00e9 tenia sortida RGB per Euroconnector), disquetera externa de 3 1\/2 (tamb\u00e9 tenia de 5 1\/4, i models posteriors, compatibilitat SCSI per a discos durs i altres dispositius d&#8217;emmagatzematge), i un controlador MIDI, de la marca Steinberg, creadora de Cubase, encara que curiosament, mai va arribar a sortir per a aquest sistema, per\u00f2 s\u00ed per al seu arxienemic AtariST (el model 520 portava un controlador MIDI incorporat).<\/p>\n","protected":false},"excerpt":{"rendered":"<p>El <strong>Commodore Amiga 500<\/strong> \u00e9s un ordinador personal llan\u00e7at el 1987, part de la popular s\u00e8rie Amiga de Commodore. Va ser dissenyat com un model m\u00e9s accessible dins de la l\u00ednia, orientat a usuaris dom\u00e8stics i jugadors. L&#8217;Amiga 500 comptava amb un processador <strong>Motorola 68000<\/strong> a 7,16 MHz, 512 KB de RAM (ampliable) i un avan\u00e7at conjunt de xips gr\u00e0fics i de so que el destacava enfront d&#8217;altres ordinadors de l&#8217;\u00e8poca.  <\/p>\n<p>Gr\u00e0cies a la seva capacitat gr\u00e0fica i de so, l&#8217;Amiga 500 va ser molt popular en l&#8217;escena de videojocs, amb t\u00edtols ic\u00f2nics com <em>The Secret of Monkey Island<\/em>, <em>Shadow of the Beast<\/em> i <em>Lemmings<\/em>. Tamb\u00e9 era utilitzat per a aplicacions multim\u00e8dia, disseny gr\u00e0fic i edici\u00f3 de m\u00fasica. El seu preu relativament assequible i les seves prestacions superiors el van convertir en un dels ordinadors m\u00e9s estimats de finals dels 80 i principis dels 90.  <\/p>\n<p>A la foto s&#8217;observa el ratol\u00ed original, el modulador de televisi\u00f3 (per connectar a una tv per antena, encara que tamb\u00e9 tenia sortida RGB per Euroconnector), disquetera externa de 3 1\/2 (tamb\u00e9 tenia de 5 1\/4, i models posteriors, compatibilitat SCSI per a discos durs i altres dispositius d&#8217;emmagatzematge), i un controlador MIDI, de la marca Steinberg, creadora de Cubase, encara que curiosament, mai va arribar a sortir per a aquest sistema, per\u00f2 s\u00ed per al seu arxienemic AtariST (el model 520 portava un controlador MIDI incorporat).<\/p>\n","protected":false},"featured_media":20492,"comment_status":"closed","ping_status":"closed","template":"","meta":{"_acf_changed":false},"product_brand":[],"product_cat":[445,444],"product_tag":[446,447,390,448,449],"class_list":{"0":"post-21294","1":"product","2":"type-product","3":"status-publish","4":"has-post-thumbnail","6":"product_cat-amiga","7":"product_cat-ordinador-16bits","8":"product_tag-446","9":"product_tag-amiga","10":"product_tag-commodore","11":"product_tag-cubase","12":"product_tag-steinberg","14":"first","15":"instock","16":"shipping-taxable","17":"product-type-simple"},"acf":[],"_links":{"self":[{"href":"https:\/\/componentesusados.org\/ca\/wp-json\/wp\/v2\/product\/21294","targetHints":{"allow":["GET"]}}],"collection":[{"href":"https:\/\/componentesusados.org\/ca\/wp-json\/wp\/v2\/product"}],"about":[{"href":"https:\/\/componentesusados.org\/ca\/wp-json\/wp\/v2\/types\/product"}],"replies":[{"embeddable":true,"href":"https:\/\/componentesusados.org\/ca\/wp-json\/wp\/v2\/comments?post=21294"}],"wp:featuredmedia":[{"embeddable":true,"href":"https:\/\/componentesusados.org\/ca\/wp-json\/wp\/v2\/media\/20492"}],"wp:attachment":[{"href":"https:\/\/componentesusados.org\/ca\/wp-json\/wp\/v2\/media?parent=21294"}],"wp:term":[{"taxonomy":"product_brand","embeddable":true,"href":"https:\/\/componentesusados.org\/ca\/wp-json\/wp\/v2\/product_brand?post=21294"},{"taxonomy":"product_cat","embeddable":true,"href":"https:\/\/componentesusados.org\/ca\/wp-json\/wp\/v2\/product_cat?post=21294"},{"taxonomy":"product_tag","embeddable":true,"href":"https:\/\/componentesusados.org\/ca\/wp-json\/wp\/v2\/product_tag?post=21294"}],"curies":[{"name":"wp","href":"https:\/\/api.w.org\/{rel}","templated":true}]}}