{"id":21288,"date":"2026-01-29T11:56:29","date_gmt":"2026-01-29T10:56:29","guid":{"rendered":"https:\/\/componentesusados.org\/producto\/stunt-race-fx\/"},"modified":"2026-01-29T11:56:29","modified_gmt":"2026-01-29T10:56:29","slug":"stunt-race-fx","status":"publish","type":"product","link":"https:\/\/componentesusados.org\/ca\/producto\/stunt-race-fx\/","title":{"rendered":"Stunt Race FX"},"content":{"rendered":"<p><strong>Stunt Race FX<\/strong> \u00e9s un joc de curses desenvolupat i publicat per Nintendo per a la <strong>Super Nintendo Entertainment System (SNES)<\/strong>. Va ser llan\u00e7at el <strong>1994<\/strong>. El joc destaca per l&#8217;\u00fas del <strong>xip Super FX<\/strong>, el mateix que es va utilitzar a <em>Star Fox<\/em>, cosa que li va permetre generar gr\u00e0fics en 3D poligonals en una \u00e8poca en qu\u00e8 la majoria dels jocs de SNES eren en 2D.  <\/p>\n<p>A <em>Stunt Race FX<\/em>, els jugadors controlen vehicles caricaturescos que tenen les seves pr\u00f2pies caracter\u00edstiques de maneig i velocitat. El joc combina elements de curses i acrob\u00e0cies (stunts), on els jugadors han de completar diferents circuits i modes mentre superen obstacles i salten rampes. Tot i que no va ser tan popular com altres t\u00edtols de la SNES, <em>Stunt Race FX<\/em> \u00e9s recordat per la seva innovaci\u00f3 t\u00e8cnica i el seu estil de joc distintiu.  <\/p>\n","protected":false},"excerpt":{"rendered":"<p><strong>Stunt Race FX<\/strong> \u00e9s un joc de curses desenvolupat i publicat per Nintendo per a la <strong>Super Nintendo Entertainment System (SNES)<\/strong>. Va ser llan\u00e7at el <strong>1994<\/strong>. El joc destaca per l&#8217;\u00fas del <strong>xip Super FX<\/strong>, el mateix que es va utilitzar a <em>Star Fox<\/em>, cosa que li va permetre generar gr\u00e0fics en 3D poligonals en una \u00e8poca en qu\u00e8 la majoria dels jocs de SNES eren en 2D.  <\/p>\n<p>A <em>Stunt Race FX<\/em>, els jugadors controlen vehicles caricaturescos que tenen les seves pr\u00f2pies caracter\u00edstiques de maneig i velocitat. El joc combina elements de curses i acrob\u00e0cies (stunts), on els jugadors han de completar diferents circuits i modes mentre superen obstacles i salten rampes. Tot i que no va ser tan popular com altres t\u00edtols de la SNES, <em>Stunt Race FX<\/em> \u00e9s recordat per la seva innovaci\u00f3 t\u00e8cnica i el seu estil de joc distintiu.  <\/p>\n","protected":false},"featured_media":20491,"comment_status":"open","ping_status":"closed","template":"","meta":{"_acf_changed":false},"product_brand":[],"product_cat":[437],"product_tag":[400,438,439],"class_list":{"0":"post-21288","1":"product","2":"type-product","3":"status-publish","4":"has-post-thumbnail","6":"product_cat-videojocs","7":"product_tag-nintendo","8":"product_tag-snes","9":"product_tag-stuntracefx","11":"first","12":"instock","13":"shipping-taxable","14":"product-type-simple"},"acf":[],"_links":{"self":[{"href":"https:\/\/componentesusados.org\/ca\/wp-json\/wp\/v2\/product\/21288","targetHints":{"allow":["GET"]}}],"collection":[{"href":"https:\/\/componentesusados.org\/ca\/wp-json\/wp\/v2\/product"}],"about":[{"href":"https:\/\/componentesusados.org\/ca\/wp-json\/wp\/v2\/types\/product"}],"replies":[{"embeddable":true,"href":"https:\/\/componentesusados.org\/ca\/wp-json\/wp\/v2\/comments?post=21288"}],"wp:featuredmedia":[{"embeddable":true,"href":"https:\/\/componentesusados.org\/ca\/wp-json\/wp\/v2\/media\/20491"}],"wp:attachment":[{"href":"https:\/\/componentesusados.org\/ca\/wp-json\/wp\/v2\/media?parent=21288"}],"wp:term":[{"taxonomy":"product_brand","embeddable":true,"href":"https:\/\/componentesusados.org\/ca\/wp-json\/wp\/v2\/product_brand?post=21288"},{"taxonomy":"product_cat","embeddable":true,"href":"https:\/\/componentesusados.org\/ca\/wp-json\/wp\/v2\/product_cat?post=21288"},{"taxonomy":"product_tag","embeddable":true,"href":"https:\/\/componentesusados.org\/ca\/wp-json\/wp\/v2\/product_tag?post=21288"}],"curies":[{"name":"wp","href":"https:\/\/api.w.org\/{rel}","templated":true}]}}