{"id":21286,"date":"2026-01-29T11:56:08","date_gmt":"2026-01-29T10:56:08","guid":{"rendered":"https:\/\/componentesusados.org\/producto\/comandament-logitech-g-ra4b\/"},"modified":"2026-01-29T11:56:08","modified_gmt":"2026-01-29T10:56:08","slug":"comandament-logitech-g-ra4b","status":"publish","type":"product","link":"https:\/\/componentesusados.org\/ca\/producto\/comandament-logitech-g-ra4b\/","title":{"rendered":"Comandament Logitech G-RA4B"},"content":{"rendered":"<p>El <strong>Logitech G-RA4B<\/strong> \u00e9s un model de controlador de videojocs, tamb\u00e9 conegut com el <strong>Logitech Cordless Rumblepad 2<\/strong>, dissenyat per oferir una experi\u00e8ncia sense fils i ergon\u00f2mica. Aquest comandament \u00e9s conegut pel seu disseny cl\u00e0ssic de doble estic anal\u00f2gic, botons d&#8217;acci\u00f3 i una creueta direccional, que recorden els controls tradicionals de consoles com PlayStation. <\/p>\n<p>T\u00e9 connectivitat sense fils mitjan\u00e7ant un receptor USB, funciona amb piles AA i inclou tecnologia de vibraci\u00f3 (rumble) per a una major immersi\u00f3 en els jocs. La seva compatibilitat \u00e9s principalment amb PC, i \u00e9s molt utilitzat per a jocs que admeten controladors. <\/p>\n","protected":false},"excerpt":{"rendered":"<p>El <strong>Logitech G-RA4B<\/strong> \u00e9s un model de controlador de videojocs, tamb\u00e9 conegut com el <strong>Logitech Cordless Rumblepad 2<\/strong>, dissenyat per oferir una experi\u00e8ncia sense fils i ergon\u00f2mica. Aquest comandament \u00e9s conegut pel seu disseny cl\u00e0ssic de doble estic anal\u00f2gic, botons d&#8217;acci\u00f3 i una creueta direccional, que recorden els controls tradicionals de consoles com PlayStation. <\/p>\n<p>T\u00e9 connectivitat sense fils mitjan\u00e7ant un receptor USB, funciona amb piles AA i inclou tecnologia de vibraci\u00f3 (rumble) per a una major immersi\u00f3 en els jocs. La seva compatibilitat \u00e9s principalment amb PC, i \u00e9s molt utilitzat per a jocs que admeten controladors. <\/p>\n","protected":false},"featured_media":20489,"comment_status":"closed","ping_status":"closed","template":"","meta":{"_acf_changed":false},"product_brand":[],"product_cat":[434],"product_tag":[384,435,436],"class_list":{"0":"post-21286","1":"product","2":"type-product","3":"status-publish","4":"has-post-thumbnail","6":"product_cat-joysticks-i-controladors","7":"product_tag-comandament","8":"product_tag-joystick","9":"product_tag-logitech","11":"first","12":"instock","13":"shipping-taxable","14":"product-type-simple"},"acf":[],"_links":{"self":[{"href":"https:\/\/componentesusados.org\/ca\/wp-json\/wp\/v2\/product\/21286","targetHints":{"allow":["GET"]}}],"collection":[{"href":"https:\/\/componentesusados.org\/ca\/wp-json\/wp\/v2\/product"}],"about":[{"href":"https:\/\/componentesusados.org\/ca\/wp-json\/wp\/v2\/types\/product"}],"replies":[{"embeddable":true,"href":"https:\/\/componentesusados.org\/ca\/wp-json\/wp\/v2\/comments?post=21286"}],"wp:featuredmedia":[{"embeddable":true,"href":"https:\/\/componentesusados.org\/ca\/wp-json\/wp\/v2\/media\/20489"}],"wp:attachment":[{"href":"https:\/\/componentesusados.org\/ca\/wp-json\/wp\/v2\/media?parent=21286"}],"wp:term":[{"taxonomy":"product_brand","embeddable":true,"href":"https:\/\/componentesusados.org\/ca\/wp-json\/wp\/v2\/product_brand?post=21286"},{"taxonomy":"product_cat","embeddable":true,"href":"https:\/\/componentesusados.org\/ca\/wp-json\/wp\/v2\/product_cat?post=21286"},{"taxonomy":"product_tag","embeddable":true,"href":"https:\/\/componentesusados.org\/ca\/wp-json\/wp\/v2\/product_tag?post=21286"}],"curies":[{"name":"wp","href":"https:\/\/api.w.org\/{rel}","templated":true}]}}