{"id":21261,"date":"2026-01-29T11:57:42","date_gmt":"2026-01-29T10:57:42","guid":{"rendered":"https:\/\/componentesusados.org\/producto\/nokia-6300\/"},"modified":"2026-01-29T11:57:42","modified_gmt":"2026-01-29T10:57:42","slug":"nokia-6300","status":"publish","type":"product","link":"https:\/\/componentesusados.org\/ca\/producto\/nokia-6300\/","title":{"rendered":"Nokia 6300"},"content":{"rendered":"<p><span>El <\/span>Nokia 6300<span> \u00e9s un tel\u00e8fon m\u00f2bil fabricat per <\/span><span>Nokia<\/span><span> . Es va anunciar el 18 de novembre de 2006<\/span><span> i es va llan\u00e7ar al mercat el gener de 2007. <\/span>El Nokia 6300 \u00e9s un tel\u00e8fon de gamma mitjana que combina un disseny cl\u00e0ssic tipus barra de caramel amb un cos resistent d&#8217;acer inoxidable i prim (11,7 mm de gruix).<\/p>\n<p>M\u00e9s info <a href=\"https:\/\/en.wikipedia.org\/wiki\/Nokia_6300\">AQU\u00cd<\/a><\/p>\n","protected":false},"excerpt":{"rendered":"<p>El Nokia 6300 \u00e9s un tel\u00e8fon m\u00f2bil fabricat per Nokia . Es va anunciar el 18 de novembre de 2006<\/p>\n","protected":false},"featured_media":20528,"comment_status":"closed","ping_status":"closed","template":"","meta":{"_acf_changed":false},"product_brand":[],"product_cat":[409,410],"product_tag":[420,411,412,413],"class_list":{"0":"post-21261","1":"product","2":"type-product","3":"status-publish","4":"has-post-thumbnail","6":"product_cat-mobils","7":"product_cat-nokia","8":"product_tag-420","9":"product_tag-mobil","10":"product_tag-nokia","11":"product_tag-telefon","13":"first","14":"instock","15":"shipping-taxable","16":"product-type-simple"},"acf":[],"_links":{"self":[{"href":"https:\/\/componentesusados.org\/ca\/wp-json\/wp\/v2\/product\/21261","targetHints":{"allow":["GET"]}}],"collection":[{"href":"https:\/\/componentesusados.org\/ca\/wp-json\/wp\/v2\/product"}],"about":[{"href":"https:\/\/componentesusados.org\/ca\/wp-json\/wp\/v2\/types\/product"}],"replies":[{"embeddable":true,"href":"https:\/\/componentesusados.org\/ca\/wp-json\/wp\/v2\/comments?post=21261"}],"wp:featuredmedia":[{"embeddable":true,"href":"https:\/\/componentesusados.org\/ca\/wp-json\/wp\/v2\/media\/20528"}],"wp:attachment":[{"href":"https:\/\/componentesusados.org\/ca\/wp-json\/wp\/v2\/media?parent=21261"}],"wp:term":[{"taxonomy":"product_brand","embeddable":true,"href":"https:\/\/componentesusados.org\/ca\/wp-json\/wp\/v2\/product_brand?post=21261"},{"taxonomy":"product_cat","embeddable":true,"href":"https:\/\/componentesusados.org\/ca\/wp-json\/wp\/v2\/product_cat?post=21261"},{"taxonomy":"product_tag","embeddable":true,"href":"https:\/\/componentesusados.org\/ca\/wp-json\/wp\/v2\/product_tag?post=21261"}],"curies":[{"name":"wp","href":"https:\/\/api.w.org\/{rel}","templated":true}]}}