{"id":21255,"date":"2026-01-29T11:57:42","date_gmt":"2026-01-29T10:57:42","guid":{"rendered":"https:\/\/componentesusados.org\/producto\/nokia-2720\/"},"modified":"2026-01-29T11:57:42","modified_gmt":"2026-01-29T10:57:42","slug":"nokia-2720","status":"publish","type":"product","link":"https:\/\/componentesusados.org\/ca\/producto\/nokia-2720\/","title":{"rendered":"Nokia 2720"},"content":{"rendered":"<p>El Nokia 2720 \u00e9s un tel\u00e8fon m\u00f2bil de tipus petxina (flip phone) llan\u00e7at el 2009. Amb un disseny compacte i senzill, disposava d&#8217;una pantalla externa petita per mostrar l&#8217;hora i les notificacions, i una pantalla interna d&#8217;1,8 polzades amb una resoluci\u00f3 de 128 x 160 p\u00edxels. <\/p>\n<p>&nbsp;<\/p>\n<p>M\u00e9s info <a href=\"https:\/\/en.wikipedia.org\/wiki\/Nokia_2720_Flip\">AQU\u00cd<\/a><\/p>\n","protected":false},"excerpt":{"rendered":"<p>El Nokia 2720 \u00e9s un tel\u00e8fon m\u00f2bil de tipus petxina (flip phone) llan\u00e7at el 2009. Amb un disseny compacte i<\/p>\n","protected":false},"featured_media":20533,"comment_status":"closed","ping_status":"closed","template":"","meta":{"_acf_changed":false},"product_brand":[],"product_cat":[409,410],"product_tag":[411,412,413],"class_list":{"0":"post-21255","1":"product","2":"type-product","3":"status-publish","4":"has-post-thumbnail","6":"product_cat-mobils","7":"product_cat-nokia","8":"product_tag-mobil","9":"product_tag-nokia","10":"product_tag-telefon","12":"first","13":"instock","14":"shipping-taxable","15":"product-type-simple"},"acf":[],"_links":{"self":[{"href":"https:\/\/componentesusados.org\/ca\/wp-json\/wp\/v2\/product\/21255","targetHints":{"allow":["GET"]}}],"collection":[{"href":"https:\/\/componentesusados.org\/ca\/wp-json\/wp\/v2\/product"}],"about":[{"href":"https:\/\/componentesusados.org\/ca\/wp-json\/wp\/v2\/types\/product"}],"replies":[{"embeddable":true,"href":"https:\/\/componentesusados.org\/ca\/wp-json\/wp\/v2\/comments?post=21255"}],"wp:featuredmedia":[{"embeddable":true,"href":"https:\/\/componentesusados.org\/ca\/wp-json\/wp\/v2\/media\/20533"}],"wp:attachment":[{"href":"https:\/\/componentesusados.org\/ca\/wp-json\/wp\/v2\/media?parent=21255"}],"wp:term":[{"taxonomy":"product_brand","embeddable":true,"href":"https:\/\/componentesusados.org\/ca\/wp-json\/wp\/v2\/product_brand?post=21255"},{"taxonomy":"product_cat","embeddable":true,"href":"https:\/\/componentesusados.org\/ca\/wp-json\/wp\/v2\/product_cat?post=21255"},{"taxonomy":"product_tag","embeddable":true,"href":"https:\/\/componentesusados.org\/ca\/wp-json\/wp\/v2\/product_tag?post=21255"}],"curies":[{"name":"wp","href":"https:\/\/api.w.org\/{rel}","templated":true}]}}