{"id":21247,"date":"2026-01-29T12:04:06","date_gmt":"2026-01-29T11:04:06","guid":{"rendered":"https:\/\/componentesusados.org\/producto\/intel-dot-station-alies-paquito\/"},"modified":"2026-01-29T12:04:06","modified_gmt":"2026-01-29T11:04:06","slug":"intel-dot-station-alies-paquito","status":"publish","type":"product","link":"https:\/\/componentesusados.org\/ca\/producto\/intel-dot-station-alies-paquito\/","title":{"rendered":"Intel Dot.Station \u00e0lies &#8220;Paquito&#8221;"},"content":{"rendered":"<p>Ens va costar molt trobar una llegenda com aquesta, un Paquito amb caixa i en perfecte estat, i no \u00e9s perqu\u00e8 se&#8217;n venguessin pocs, que en van ser centenars de milers, (m\u00e9s els que quedarien als magatzems d&#8217;un cert banc que s&#8217;enfada quan li recordeu aquesta hist\u00f2ria), sin\u00f3 perqu\u00e8 segurament la gent l&#8217;emprendria a cops amb aquest giny, que no va passar de promeses incomplertes. El nostre funciona, est\u00e0 resetejat, per\u00f2 per aqu\u00ed corre un hack per poder instal\u00b7lar-li un altre sistema operatiu i poder fer-lo funcionar en aquests temps. El provarem, aix\u00ed que estigueu atents al nostre YouTube.<\/p>\n<p>Tot just comen\u00e7ar el nou mil\u00b7lenni, Paquito va intentar conquerir el mercat espanyol. Aquell va ser l&#8217;apel\u00b7latiu popular de les Intel Dot.Station que aquesta firma va intentar vendre a centenars de milers d&#8217;usuaris espanyols amb l&#8217;eterna promesa d'&#8221;endollar i llest&#8221;. Nom\u00e9s era aix\u00f2. Una promesa.<\/p>\n<p><a href=\"https:\/\/www.xataka.com\/historia-tecnologica\/historia-paquito-pc-tonto-intel-que-fracaso-estrepitosamente-espana-1\"><strong>TOTA LA HIST\u00d2RIA AQU\u00cd<\/strong><\/a><\/p>\n","protected":false},"excerpt":{"rendered":"<p>Ens va costar molt trobar una llegenda com aquesta, un Paquito amb caixa i en perfecte estat, i no \u00e9s perqu\u00e8 se&#8217;n venguessin pocs, que en van ser centenars de milers, (m\u00e9s els que quedarien als magatzems d&#8217;un cert banc que s&#8217;enfada quan li recordeu aquesta hist\u00f2ria), sin\u00f3 perqu\u00e8 segurament la gent l&#8217;emprendria a cops amb aquest giny, que no va passar de promeses incomplertes. El nostre funciona, est\u00e0 resetejat, per\u00f2 per aqu\u00ed corre un hack per poder instal\u00b7lar-li un altre sistema operatiu i poder fer-lo funcionar en aquests temps. El provarem, aix\u00ed que estigueu atents al nostre YouTube.<\/p>\n<p>Tot just comen\u00e7ar el nou mil\u00b7lenni, Paquito va intentar conquerir el mercat espanyol. Aquell va ser l&#8217;apel\u00b7latiu popular de les Intel Dot.Station que aquesta firma va intentar vendre a centenars de milers d&#8217;usuaris espanyols amb l&#8217;eterna promesa d'&#8221;endollar i llest&#8221;. Nom\u00e9s era aix\u00f2. Una promesa.<\/p>\n<p><a href=\"https:\/\/www.xataka.com\/historia-tecnologica\/historia-paquito-pc-tonto-intel-que-fracaso-estrepitosamente-espana-1\"><strong>TOTA LA HIST\u00d2RIA AQU\u00cd<\/strong><\/a><\/p>\n","protected":false},"featured_media":20563,"comment_status":"closed","ping_status":"closed","template":"","meta":{"_acf_changed":false},"product_brand":[],"product_cat":[393],"product_tag":[394,395,396,397,398],"class_list":{"0":"post-21247","1":"product","2":"type-product","3":"status-publish","4":"has-post-thumbnail","6":"product_cat-ordinador-intel-celeron","7":"product_tag-celeron","8":"product_tag-dotstation","9":"product_tag-intel","10":"product_tag-internet","11":"product_tag-ximple","13":"first","14":"instock","15":"shipping-taxable","16":"product-type-simple"},"acf":[],"_links":{"self":[{"href":"https:\/\/componentesusados.org\/ca\/wp-json\/wp\/v2\/product\/21247","targetHints":{"allow":["GET"]}}],"collection":[{"href":"https:\/\/componentesusados.org\/ca\/wp-json\/wp\/v2\/product"}],"about":[{"href":"https:\/\/componentesusados.org\/ca\/wp-json\/wp\/v2\/types\/product"}],"replies":[{"embeddable":true,"href":"https:\/\/componentesusados.org\/ca\/wp-json\/wp\/v2\/comments?post=21247"}],"wp:featuredmedia":[{"embeddable":true,"href":"https:\/\/componentesusados.org\/ca\/wp-json\/wp\/v2\/media\/20563"}],"wp:attachment":[{"href":"https:\/\/componentesusados.org\/ca\/wp-json\/wp\/v2\/media?parent=21247"}],"wp:term":[{"taxonomy":"product_brand","embeddable":true,"href":"https:\/\/componentesusados.org\/ca\/wp-json\/wp\/v2\/product_brand?post=21247"},{"taxonomy":"product_cat","embeddable":true,"href":"https:\/\/componentesusados.org\/ca\/wp-json\/wp\/v2\/product_cat?post=21247"},{"taxonomy":"product_tag","embeddable":true,"href":"https:\/\/componentesusados.org\/ca\/wp-json\/wp\/v2\/product_tag?post=21247"}],"curies":[{"name":"wp","href":"https:\/\/api.w.org\/{rel}","templated":true}]}}