{"id":21111,"date":"2026-02-21T23:38:14","date_gmt":"2026-02-21T22:38:14","guid":{"rendered":"https:\/\/componentesusados.org\/declaracio-de-privadesa-ue\/"},"modified":"2026-02-21T23:38:14","modified_gmt":"2026-02-21T22:38:14","slug":"declaracio-de-privadesa-ue","status":"publish","type":"page","link":"https:\/\/componentesusados.org\/ca\/declaracio-de-privadesa-ue\/","title":{"rendered":"Declaraci\u00f3 de privadesa (UE)"},"content":{"rendered":"\n<!-- Legal document generated by Complianz | GDPR\/CCPA Cookie Consent https:\/\/wordpress.org\/plugins\/complianz-gdpr -->\n<div id=\"cmplz-document\" class=\"cmplz-document privacy-statement cmplz-document-eu\"><p><i>Aquesta declaraci\u00f3 de privadesa es va actualitzar per \u00faltima vegada el 24 de febrer de 2026 i s&#8217;aplica als ciutadans i residents permanents legals de l&#8217;Espai Econ\u00f2mic Europeu i Su\u00efssa.<\/i><br \/><br \/><\/p><p><p>En aquesta declaraci\u00f3 de privadesa, expliquem qu\u00e8 fem amb les dades que obtenim sobre vost\u00e8 a trav\u00e9s de <a href=\"https:\/\/componentesusados.org\/ca\/\">https:\/\/componentesusados.org\/ca\/<\/a>. Us recomanem que llegiu atentament aquesta declaraci\u00f3. En el nostre tractament complim amb els requisits de la legislaci\u00f3 de privadesa. Aix\u00f2 vol dir, entre altres coses, que:   <\/p><ul>\n                <li>indiquem clarament les finalitats per a les quals tractem les dades personals. Ho fem mitjan\u00e7ant aquesta declaraci\u00f3 de privadesa; <\/li>\n                <li>pretenem limitar la nostra recollida de dades personals nom\u00e9s a les dades personals necess\u00e0ries per a finalitats leg\u00edtimes;<\/li>\n                <li>primer demanem el vostre consentiment expl\u00edcit per tractar les vostres dades personals en els casos que requereixin el vostre consentiment;<\/li>\n                <li>prenem les mesures de seguretat adequades per protegir les vostres dades personals i tamb\u00e9 ho exigim a les parts que tracten dades personals en nom nostre;<\/li>\n                <li>respectem el teu dret a accedir a les teves dades personals o a fer-les corregir o suprimir, a petici\u00f3 teva.<\/li>\n            <\/ul><p>Si teniu cap pregunta o voleu saber exactament quines dades conservem de vosaltres, poseu-vos en contacte amb nosaltres.<\/p><\/p><h2>1. Finalitat, dades i per\u00edode de conservaci\u00f3<\/h2>Podem recopilar o rebre informaci\u00f3 personal per a una s\u00e8rie de finalitats relacionades amb les nostres operacions comercials, que poden incloure les seg\u00fcents: (feu clic per ampliar)<details class=\"cmplz-dropdown dropdown-privacy-statement\"><summary><div><h3>1.1 Pagaments<\/h3><\/div><\/summary><p class=\"cmplz-subtitle\">Amb aquesta finalitat utilitzem les seg\u00fcents dades:<\/p><p><ul><li>Un nom i cognom<\/li><li>Un domicili o una altra adre\u00e7a f\u00edsica, incl\u00f2s el nom del carrer i el nom d&#039;una ciutat o poble<\/li><\/ul><\/p><p class=\"cmplz-subtitle\">La base sobre la qual podem tractar aquestes dades \u00e9s:<\/p><p><a target=\"_blank\" rel=\"noopener noreferrer nofollow\" href=\"https:\/\/cookiedatabase.org\/legal-bases\/#agreement\">\u00c9s necessari per a l&#8217;execuci\u00f3 d&#8217;un contracte o tr\u00e0mits previs relacionats amb un contracte del qual l&#8217;interessat \u00e9s part.  <\/a><\/p><p class=\"cmplz-subtitle\">Per\u00edode de retenci\u00f3<\/p><p>Conservem aquestes dades fins que finalitzi el servei.<\/p><\/details><details class=\"cmplz-dropdown dropdown-privacy-statement\"><summary><div><h3>1.2 Per donar suport als serveis o productes que un client vol comprar o ha comprat<\/h3><\/div><\/summary><p class=\"cmplz-subtitle\">Amb aquesta finalitat utilitzem les seg\u00fcents dades:<\/p><p><ul><li>Un nom i cognom<\/li><li>Una adre\u00e7a de correu electr\u00f2nic<\/li><li>Un n\u00famero de tel\u00e8fon<\/li><\/ul><\/p><p class=\"cmplz-subtitle\">La base sobre la qual podem tractar aquestes dades \u00e9s:<\/p><p><a target=\"_blank\" rel=\"noopener noreferrer nofollow\" href=\"https:\/\/cookiedatabase.org\/legal-bases\/#consent\">A la prestaci\u00f3 del consentiment.<\/a><\/p><p class=\"cmplz-subtitle\">Per\u00edode de retenci\u00f3<\/p><p>Conservem aquestes dades fins que finalitzi el servei.<\/p><\/details><details class=\"cmplz-dropdown dropdown-privacy-statement\"><summary><div><h3>1.3 Recull i an\u00e0lisi d&#039;estad\u00edstiques per a la millora del lloc web.<\/h3><\/div><\/summary><p class=\"cmplz-subtitle\">Amb aquesta finalitat utilitzem les seg\u00fcents dades:<\/p><p><ul><li>Adre\u00e7a IP<\/li><\/ul><\/p><p class=\"cmplz-subtitle\">La base sobre la qual podem tractar aquestes dades \u00e9s:<\/p><p><a target=\"_blank\" rel=\"noopener noreferrer nofollow\" href=\"https:\/\/cookiedatabase.org\/legal-bases\/#agreement\">\u00c9s necessari per a l&#8217;execuci\u00f3 d&#8217;un contracte o tr\u00e0mits previs relacionats amb un contracte del qual l&#8217;interessat \u00e9s part.  <\/a><\/p><p class=\"cmplz-subtitle\">Per\u00edode de retenci\u00f3<\/p><p>Conservem aquestes dades fins que finalitzi el servei.<\/p><\/details><details class=\"cmplz-dropdown dropdown-privacy-statement\"><summary><div><h3>1.4 Lliuraments<\/h3><\/div><\/summary><p class=\"cmplz-subtitle\">Amb aquesta finalitat utilitzem les seg\u00fcents dades:<\/p><p><ul><li>Un nom i cognom<\/li><li>Un domicili o una altra adre\u00e7a f\u00edsica, incl\u00f2s el nom del carrer i el nom d&#039;una ciutat o poble<\/li><li>Una adre\u00e7a de correu electr\u00f2nic<\/li><li>Un n\u00famero de tel\u00e8fon<\/li><\/ul><\/p><p class=\"cmplz-subtitle\">La base sobre la qual podem tractar aquestes dades \u00e9s:<\/p><p><a target=\"_blank\" rel=\"noopener noreferrer nofollow\" href=\"https:\/\/cookiedatabase.org\/legal-bases\/#agreement\">\u00c9s necessari per a l&#8217;execuci\u00f3 d&#8217;un contracte o tr\u00e0mits previs relacionats amb un contracte del qual l&#8217;interessat \u00e9s part.  <\/a><\/p><p class=\"cmplz-subtitle\">Per\u00edode de retenci\u00f3<\/p><p>Conservem aquestes dades fins que finalitzi el servei.<\/p><\/details><details class=\"cmplz-dropdown dropdown-privacy-statement\"><summary><div><h3>1.5 Contacte: per tel\u00e8fon, correu electr\u00f2nic, correu electr\u00f2nic i\/o formularis web<\/h3><\/div><\/summary><p class=\"cmplz-subtitle\">Amb aquesta finalitat utilitzem les seg\u00fcents dades:<\/p><p><ul><li>Un nom i cognom<\/li><li>Un domicili o una altra adre\u00e7a f\u00edsica, incl\u00f2s el nom del carrer i el nom d&#039;una ciutat o poble<\/li><li>Un n\u00famero de tel\u00e8fon<\/li><li>Una adre\u00e7a de correu electr\u00f2nic<\/li><\/ul><\/p><p class=\"cmplz-subtitle\">La base sobre la qual podem tractar aquestes dades \u00e9s:<\/p><p><a target=\"_blank\" rel=\"noopener noreferrer nofollow\" href=\"https:\/\/cookiedatabase.org\/legal-bases\/#agreement\">\u00c9s necessari per a l&#8217;execuci\u00f3 d&#8217;un contracte o tr\u00e0mits previs relacionats amb un contracte del qual l&#8217;interessat \u00e9s part.  <\/a><\/p><p class=\"cmplz-subtitle\">Per\u00edode de retenci\u00f3<\/p><p>Conservem aquestes dades fins que finalitzi el servei.<\/p><\/details><details class=\"cmplz-dropdown dropdown-privacy-statement\"><summary><div><h3>1.6 Butlletins informatius<\/h3><\/div><\/summary><p class=\"cmplz-subtitle\">Amb aquesta finalitat utilitzem les seg\u00fcents dades:<\/p><p><ul><li>Un nom i cognom<\/li><li>Nom del compte o \u00e0lies<\/li><\/ul><\/p><p class=\"cmplz-subtitle\">La base sobre la qual podem tractar aquestes dades \u00e9s:<\/p><p><a target=\"_blank\" rel=\"noopener noreferrer nofollow\" href=\"https:\/\/cookiedatabase.org\/legal-bases\/#agreement\">\u00c9s necessari per a l&#8217;execuci\u00f3 d&#8217;un contracte o tr\u00e0mits previs relacionats amb un contracte del qual l&#8217;interessat \u00e9s part.  <\/a><\/p><p class=\"cmplz-subtitle\">Per\u00edode de retenci\u00f3<\/p><p>En finalitzar el servei, conservem aquestes dades durant el per\u00edode seg\u00fcent: Hasta que la persona no quiera recibir m\u00e1s boletines..<\/p><\/details><h2>2. Galetes<\/h2><p>El nostre lloc web utilitza cookies. Per obtenir m\u00e9s informaci\u00f3 sobre les galetes, consulteu la nostra <a href=\"https:\/\/componentesusados.org\/ca\/politica-de-cookies-ue\/\">Pol\u00edtica de galetes<\/a>. &nbsp;<\/p><h2>3. Pr\u00e0ctiques de divulgaci\u00f3<\/h2><p><p>Revelem informaci\u00f3 personal si la llei o una ordre judicial ens ho exigeixen, en resposta a una ag\u00e8ncia d&#8217;aplicaci\u00f3 de la llei, en la mesura que ho permeten altres disposicions de la llei, per proporcionar informaci\u00f3 o per a una investigaci\u00f3 sobre una q\u00fcesti\u00f3 relacionada amb la seguretat p\u00fablica.<\/p><p>Si el nostre lloc web o organitzaci\u00f3 s&#8217;adquireix, ven o participa en una fusi\u00f3 o adquisici\u00f3, les vostres dades es poden revelar als nostres assessors i a qualsevol comprador potencial i es transmetran als nous propietaris.<\/p><\/p><h2>4. Seguretat<\/h2><p>Estem compromesos amb la seguretat de les dades personals. Prenem les mesures de seguretat adequades per limitar l&#8217;ab\u00fas i l&#8217;acc\u00e9s no autoritzat a les dades personals. Aix\u00f2 garanteix que nom\u00e9s les persones necess\u00e0ries tinguin acc\u00e9s a les vostres dades, que l&#8217;acc\u00e9s a les dades estigui protegit i que les nostres mesures de seguretat es revisen peri\u00f2dicament.  <\/p><h2>5. Llocs web de tercers<\/h2><p>Aquesta declaraci\u00f3 de privadesa no s&#8217;aplica als llocs web de tercers connectats mitjan\u00e7ant enlla\u00e7os al nostre lloc web. No podem garantir que aquests tercers gestionen les vostres dades personals d&#8217;una manera fiable o segura. Us recomanem que llegiu les declaracions de privadesa d&#8217;aquests llocs web abans de fer \u00fas d&#8217;aquests llocs web.  <\/p><h2>6. Esmenes a aquesta declaraci\u00f3 de privadesa<\/h2><p>Ens reservem el dret de fer esmenes a aquesta declaraci\u00f3 de privadesa. Es recomana que consulteu aquesta declaraci\u00f3 de privadesa peri\u00f2dicament per tal d&#8217;estar al corrent de qualsevol canvi. A m\u00e9s, us informarem activament sempre que sigui possible.  <\/p><h2>7. Acc\u00e9s i modificaci\u00f3 de les teves dades<\/h2><p>Si teniu cap pregunta o voleu saber quines dades personals tenim sobre vosaltres, poseu-vos en contacte amb nosaltres. Pots contactar amb nosaltres utilitzant la informaci\u00f3 seg\u00fcent. Teniu els seg\u00fcents drets:  <\/p><ul>\n                <li>Teniu dret a saber per qu\u00e8 es necessiten les vostres dades personals, qu\u00e8 hi passar\u00e0 i quant de temps es conservaran.<\/li>\n                <li>Dret d&#8217;acc\u00e9s: tens dret a accedir a les teves dades personals que coneixem.<\/li>\n                <li>Dret de rectificaci\u00f3: t\u00e9 dret a complementar, corregir, suprimir o bloquejar les seves dades personals sempre que ho desitgi.<\/li>\n                <li>Si ens doneu el vostre consentiment per tractar les vostres dades, teniu dret a revocar aquest consentiment i a que se suprimeixin les vostres dades personals.<\/li>\n                <li>Dret a cedir les seves dades: t\u00e9 dret a sol\u00b7licitar totes les seves dades personals al responsable del tractament i transferir-les \u00edntegrament a un altre responsable.<\/li>\n                <li>Dret d&#8217;oposici\u00f3: podeu oposar-vos al tractament de les vostres dades. Complim amb aix\u00f2, llevat que hi hagi motius justificats per al tractament. <\/li>\n            <\/ul><p>Si us plau, assegureu-vos d&#8217;indicar sempre clarament qui sou, de manera que puguem estar segurs que no modifiquem ni eliminem cap dada de la persona equivocada.<\/p><h2>8. Presentaci\u00f3 d&#039;una queixa<\/h2><p>Si no est\u00e0 satisfet amb la forma en qu\u00e8 tractem (una queixa sobre) el tractament de les seves dades personals, t\u00e9 dret a presentar una reclamaci\u00f3 davant l&#8217;Autoritat de Protecci\u00f3 de Dades.<\/p><h2>9. Dades de contacte<\/h2><p>Asociaci\u00f3n Componentes Usados ORG<br \/>\n        C\/Balmes, 152 6\u00ba4\u00aa<br \/>\n08008 Barcelona<br \/>\n        Espanya<br \/>\n        Lloc web: <a href=\"https:\/\/componentesusados.org\/ca\/\">https:\/\/componentesusados.org\/ca\/<\/a> <br \/>\n        Correu electr\u00f2nic: <span class=\"cmplz-obfuscate\">&#105;nf&#111;@<span class=\"cmplz-fmail-domain\">ex&#046;&#099;om<\/span>c&#111;m&#112;onen&#116;e&#115;&#117;&#115;&#097;&#100;os.&#111;&#114;&#103;<\/span> <br \/>\n        Tel\u00e8fon: +34 722768130<\/p><h2>10. Sol\u00b7licituds de dades<\/h2><p>Per a les sol\u00b7licituds presentades amb m\u00e9s freq\u00fc\u00e8ncia, tamb\u00e9 us oferim la possibilitat d&#8217;utilitzar el nostre formulari de sol\u00b7licitud de dades<br \/>\t\t\t<div class=\"cmplz-datarequest cmplz-alert\">\n\t\t\t\t<span class=\"cmplz-close\">&times;<\/span>\n\t\t\t\t<span id=\"cmplz-message\"><\/span>\n\t\t\t<\/div>\n\t\t\t<form id=\"cmplz-datarequest-form\">\n\t\t\t\t<input type=\"hidden\" required value=\"eu\" name=\"cmplz_datarequest_region\" id=\"cmplz_datarequest_region\" >\n\n\t\t\t\t<label for=\"cmplz_datarequest_firstname\" class=\"cmplz-first-name\">Nom\t\t\t\t\t<input type=\"search\" class=\"datarequest-firstname\" value=\"\" placeholder=\"your first name\" id=\"cmplz_datarequest_firstname\" name=\"cmplz_datarequest_firstname\" >\n\t\t\t\t<\/label>\n\t\t\t\t<div>\n\t\t\t\t\t<label for=\"cmplz_datarequest_name\">Nom<\/label>\n\t\t\t\t\t<input type=\"text\" required value=\"\" placeholder=\"El teu nom\" id=\"cmplz_datarequest_name\" name=\"cmplz_datarequest_name\">\n\t\t\t\t<\/div>\n\t\t\t\t<div>\n\t\t\t\t\t<label for=\"cmplz_datarequest_email\">Correu electr\u00f2nic<\/label>\n\t\t\t\t\t<input type=\"email\" required value=\"\" placeholder=\"email@email.com\" id=\"cmplz_datarequest_email\" name=\"cmplz_datarequest_email\">\n\t\t\t\t<\/div>\n\t\t\t\t\t\t\t\t\t\t<div class=\"cmplz_datarequest cmplz_datarequest_request_for_access\">\n\t\t\t\t\t\t\t<label for=\"cmplz_datarequest_request_for_access\">\n\t\t\t\t\t\t\t\t<input type=\"checkbox\" value=\"1\" name=\"cmplz_datarequest_request_for_access\" id=\"cmplz_datarequest_request_for_access\"\/>\n\t\t\t\t\t\t\t\tEnvieu una sol\u00b7licitud d&#039;acc\u00e9s a les dades que tractem sobre vost\u00e8.\t\t\t\t\t\t\t<\/label>\n\t\t\t\t\t\t<\/div>\n\t\t\t\t\t\t\t\t\t\t<div class=\"cmplz_datarequest cmplz_datarequest_right_to_be_forgotten\">\n\t\t\t\t\t\t\t<label for=\"cmplz_datarequest_right_to_be_forgotten\">\n\t\t\t\t\t\t\t\t<input type=\"checkbox\" value=\"1\" name=\"cmplz_datarequest_right_to_be_forgotten\" id=\"cmplz_datarequest_right_to_be_forgotten\"\/>\n\t\t\t\t\t\t\t\tEnvieu una sol\u00b7licitud d&#039;eliminaci\u00f3 de les dades si ja no s\u00f3n rellevants.\t\t\t\t\t\t\t<\/label>\n\t\t\t\t\t\t<\/div>\n\t\t\t\t\t\t\t\t\t\t<div class=\"cmplz_datarequest cmplz_datarequest_right_to_data_portability\">\n\t\t\t\t\t\t\t<label for=\"cmplz_datarequest_right_to_data_portability\">\n\t\t\t\t\t\t\t\t<input type=\"checkbox\" value=\"1\" name=\"cmplz_datarequest_right_to_data_portability\" id=\"cmplz_datarequest_right_to_data_portability\"\/>\n\t\t\t\t\t\t\t\tEnvieu una sol\u00b7licitud per rebre un fitxer d&#039;exportaci\u00f3 de les dades que processem sobre vosaltres.\t\t\t\t\t\t\t<\/label>\n\t\t\t\t\t\t<\/div>\n\t\t\t\t\t\t\t\t<input type=\"button\" id=\"cmplz-datarequest-submit\"  value=\"Enviar\">\n\t\t\t<\/form>\n\n\t\t\t<style>\n\t\t\t\t\/* first-name is honeypot *\/\n\t\t\t\t.cmplz-first-name {\n\t\t\t\t\tposition: absolute !important;\n\t\t\t\t\tleft: -5000px !important;\n\t\t\t\t}\n\t\t\t<\/style>\n\t\t\t<\/p><h2>Annex<\/h2><p><h2>WooCommerce<\/h2><p>Este texto de muestra incluye los b\u00e1sicos sobre qu\u00e9 datos personales recopila, almacena y comparte tu tienda, as\u00ed como qui\u00e9n tiene acceso a esos datos. Dependiendo de qu\u00e9 ajustes est\u00e9n activos y qu\u00e9 plugins adicionales se use, la informaci\u00f3n espec\u00edfica compartida por tu tienda puede variar. Te recomendamos que consultes a un abogado para decidir qu\u00e9 informaci\u00f3n mostrar en tu pol\u00edtica de privacidad.<\/p><p>Recopilamos informaci\u00f3n tuya durante el proceso de pago en nuestra tienda.<\/p><h2>Lo que recopilamos y almacenamos<\/h2><p>Mientras visitas nuestro sitio realizaremos el seguimiento de:<\/p><ul><li>Productos que has visto: Los usaremos para, por ejemplo, mostrarte los productos que has visto recientemente<\/li><li>Ubicaci\u00f3n, direcci\u00f3n IP y tipo de navegador: usaremos esto para prop\u00f3sitos como estimar impuestos y costes de env\u00edo<\/li><li>Direcci\u00f3n de env\u00edo: te pediremos que facilites esto para que podamos, por ejemplo, estimar el coste del env\u00edo antes de que hagas un pedido, \u00a1y enviarte el pedido!<\/li><\/ul><p>Tambi\u00e9n usamos cookies para realizar el seguimiento de los contenidos del carrito mientras navegas por nuestro sitio.<\/p><p>Observaci\u00f3n: puede que quieras detallar tu pol\u00edtica de cookies, y enlazar desde aqu\u00ed a esta secci\u00f3n.<\/p><p>Cuando nos compras algo te pedimos que facilites informaci\u00f3n que incluye tu nombre, direcci\u00f3n de facturaci\u00f3n, direcci\u00f3n de env\u00edo, direcci\u00f3n de correo electr\u00f3nico, n\u00famero de tel\u00e9fono, detalles de la tarjeta de cr\u00e9dito\/pago e informaci\u00f3n adicional opcional como el nombre de usuario y la contrase\u00f1a. Usaremos esta informaci\u00f3n para prop\u00f3sitos como:<\/p><ul><li>Enviarte informaci\u00f3n sobre tu cuenta y pedido<\/li><li>Responder a tus solicitudes, incluidos reembolsos y reclamaciones<\/li><li>Procesar pagos y evitar el fraude<\/li><li>Configurar tu cuenta para nuestra tienda<\/li><li>Cumplir con cualquier obligaci\u00f3n legal que tengamos, como c\u00e1lculos de impuestos<\/li><li>Mejorar las ofertas de nuestra tienda<\/li><li>Enviarte mensajes promocionales, si eliges recibirlos<\/li><\/ul><p>Si creas una cuenta almacenaremos tu nombre, direcci\u00f3n, correo electr\u00f3nico y n\u00famero de tel\u00e9fono, lo que usaremos para el proceso de pago y futuros pedidos.<\/p><p>Normalmente almacenamos informaci\u00f3n sobre ti durante el tiempo que necesitemos la informaci\u00f3n para los prop\u00f3sitos para los que la recopilamos y usamos, y no estemos legalmente obligados a seguir guard\u00e1ndola. Por ejemplo, almacenaremos informaci\u00f3n de los pedidos durante XXX a\u00f1os para prop\u00f3sitos de impuestos y contabilidad. Esto incluye tu nombre, direcci\u00f3n de correo electr\u00f3nico y direcciones de facturaci\u00f3n y env\u00edo.<\/p><p>Tambi\u00e9n almacenamos comentarios o valoraciones, si eliges dejarlos.<\/p><h2>Qui\u00e9n de nuestro equipo tiene acceso<\/h2><p>Los miembros de nuestro equipo tienen acceso a la informaci\u00f3n que nos ofreces. Por ejemplo, los administradores y gestores de tienda pueden acceder:<\/p><ul><li>La informaci\u00f3n de pedidos, como qu\u00e9 se compr\u00f3, cu\u00e1ndo se compr\u00f3 y d\u00f3nde se deber\u00eda enviar, y<\/li><li>La informaci\u00f3n de cliente, como tu nombre, direcci\u00f3n de correo electr\u00f3nico, y la informaci\u00f3n de facturaci\u00f3n y env\u00edo.<\/li><\/ul><p>Los miembros de nuestro equipo tienen acceso a esta informaci\u00f3n para ayudar a completar pedidos, procesar reembolsos y darte soporte.<\/p><h2>Lo que compartimos con otros<\/h2><p>En esta secci\u00f3n deber\u00edas apuntar con qui\u00e9n est\u00e1s compartiendo datos, y con qu\u00e9 objetivo. Esto podr\u00eda incluir, pero no est\u00e1 solo limitado a ello, an\u00e1lisis, marketing, pasarelas de pago, proveedores de env\u00edo, e incrustados de terceros.<\/p><p>Compartimos informaci\u00f3n con otros, que nos ayudan a ofrecer nuestros pedidos y gestionar servicios para ti; por ejemplo &#8212;<\/p><h3>Pagos<\/h3><p>En esta subsecci\u00f3n deber\u00edas apuntar qu\u00e9 otros procesadores de pago externos est\u00e1s usando para admitir pagos en tu tienda, ya que puede que manejen datos de los clientes. Hemos incluido PayPal como ejemplo, pero deber\u00edas borrarlo si no est\u00e1s usando PayPal.<\/p><p>Aceptamos pagos mediante PayPal. Al procesar pagos algunos de tus datos se pasar\u00e1n a PayPal, incluida la informaci\u00f3n requerida para procesar o dar soporte al pago, tales como el total de la compra y la informaci\u00f3n de facturaci\u00f3n.<\/p><p>Por favor, revisa la <a href=\"https:\/\/www.paypal.com\/es\/webapps\/mpp\/ua\/privacy-full\">pol\u00edtica de privacidad de PayPal<\/a> para m\u00e1s detalles.<\/p><\/p><\/div>","protected":false},"excerpt":{"rendered":"","protected":false},"author":1,"featured_media":0,"parent":0,"menu_order":0,"comment_status":"closed","ping_status":"closed","template":"","meta":{"_acf_changed":false,"footnotes":""},"class_list":["post-21111","page","type-page","status-publish","hentry"],"acf":[],"_links":{"self":[{"href":"https:\/\/componentesusados.org\/ca\/wp-json\/wp\/v2\/pages\/21111","targetHints":{"allow":["GET"]}}],"collection":[{"href":"https:\/\/componentesusados.org\/ca\/wp-json\/wp\/v2\/pages"}],"about":[{"href":"https:\/\/componentesusados.org\/ca\/wp-json\/wp\/v2\/types\/page"}],"author":[{"embeddable":true,"href":"https:\/\/componentesusados.org\/ca\/wp-json\/wp\/v2\/users\/1"}],"replies":[{"embeddable":true,"href":"https:\/\/componentesusados.org\/ca\/wp-json\/wp\/v2\/comments?post=21111"}],"version-history":[{"count":0,"href":"https:\/\/componentesusados.org\/ca\/wp-json\/wp\/v2\/pages\/21111\/revisions"}],"wp:attachment":[{"href":"https:\/\/componentesusados.org\/ca\/wp-json\/wp\/v2\/media?parent=21111"}],"curies":[{"name":"wp","href":"https:\/\/api.w.org\/{rel}","templated":true}]}}