{"id":21107,"date":"2026-02-23T16:54:24","date_gmt":"2026-02-23T15:54:24","guid":{"rendered":"https:\/\/componentesusados.org\/exempcio-de-responsabilitat\/"},"modified":"2026-02-23T16:54:24","modified_gmt":"2026-02-23T15:54:24","slug":"exempcio-de-responsabilitat","status":"publish","type":"page","link":"https:\/\/componentesusados.org\/ca\/exempcio-de-responsabilitat\/","title":{"rendered":"Exempci\u00f3 de responsabilitat"},"content":{"rendered":"\n<!-- Legal document generated by Complianz | GDPR\/CCPA Cookie Consent https:\/\/wordpress.org\/plugins\/complianz-gdpr -->\n<div id=\"cmplz-document\" class=\"cmplz-document disclaimer cmplz-document-all\"><p>Asociaci\u00f3n Componentes Usados ORG es compromet a mantenir aquest lloc web actualitzat i prec\u00eds. Tanmateix, si trobeu alguna cosa incorrecta o obsoleta, us agrairem que ens ho feu saber. Si us plau, indiqueu on del lloc web heu llegit la informaci\u00f3. Aleshores ho mirarem tan aviat com sigui possible. Envieu la vostra resposta per correu electr\u00f2nic a: .    <\/p><p>No ens fem responsables de les p\u00e8rdues com a conseq\u00fc\u00e8ncia d&#8217;incorreccions o incompletituds, ni de les p\u00e8rdues derivades de problemes causats o inherents a la difusi\u00f3 d&#8217;informaci\u00f3 a trav\u00e9s d&#8217;Internet, com ara interrupcions o interrupcions. Quan utilitzem formularis web, ens esforcem per limitar el nombre de camps obligatoris al m\u00ednim. Per a qualsevol p\u00e8rdua patida com a conseq\u00fc\u00e8ncia de l&#8217;\u00fas de dades, consells o idees proporcionades per o en nom de Asociaci\u00f3n Componentes Usados ORG a trav\u00e9s d&#8217;aquest lloc web, Asociaci\u00f3n Componentes Usados ORG no assumeix cap responsabilitat.  <\/p><p>Tots els drets de propietat intel\u00b7lectual del contingut d&#8217;aquest lloc web corresponen a Asociaci\u00f3n Componentes Usados ORG.<\/p><p>El contingut d&#8217;aquest lloc web est\u00e0 disponible sota una llic\u00e8ncia Creative Commons &#8211; Reconeixement-NoComercial 4.0, tret que s&#8217;especifiqui el contrari.<\/p><p>Si teniu cap pregunta o problema amb l&#8217;accessibilitat del lloc web, no dubteu a posar-vos en contacte amb nosaltres.<\/p><\/div>","protected":false},"excerpt":{"rendered":"","protected":false},"author":3,"featured_media":0,"parent":0,"menu_order":0,"comment_status":"closed","ping_status":"closed","template":"","meta":{"_acf_changed":false,"footnotes":""},"class_list":["post-21107","page","type-page","status-publish","hentry"],"acf":[],"_links":{"self":[{"href":"https:\/\/componentesusados.org\/ca\/wp-json\/wp\/v2\/pages\/21107","targetHints":{"allow":["GET"]}}],"collection":[{"href":"https:\/\/componentesusados.org\/ca\/wp-json\/wp\/v2\/pages"}],"about":[{"href":"https:\/\/componentesusados.org\/ca\/wp-json\/wp\/v2\/types\/page"}],"author":[{"embeddable":true,"href":"https:\/\/componentesusados.org\/ca\/wp-json\/wp\/v2\/users\/3"}],"replies":[{"embeddable":true,"href":"https:\/\/componentesusados.org\/ca\/wp-json\/wp\/v2\/comments?post=21107"}],"version-history":[{"count":0,"href":"https:\/\/componentesusados.org\/ca\/wp-json\/wp\/v2\/pages\/21107\/revisions"}],"wp:attachment":[{"href":"https:\/\/componentesusados.org\/ca\/wp-json\/wp\/v2\/media?parent=21107"}],"curies":[{"name":"wp","href":"https:\/\/api.w.org\/{rel}","templated":true}]}}